{"id":16,"date":"2023-09-13T18:14:38","date_gmt":"2023-09-13T16:14:38","guid":{"rendered":"https:\/\/sebphotograph.com\/?page_id=16"},"modified":"2025-03-17T12:51:06","modified_gmt":"2025-03-17T11:51:06","slug":"journal","status":"publish","type":"page","link":"https:\/\/sebphotograph.com\/en\/journal\/","title":{"rendered":"Journal"},"content":{"rendered":"<div id=\"fws_69ece2bcf1c84\"  data-column-margin=\"default\" data-midnight=\"dark\" data-top-percent=\"8%\" data-bottom-percent=\"15%\"  class=\"wpb_row vc_row-fluid vc_row  right_padding_50px left_padding_50px top_padding_tablet_15pct top_padding_phone_15pct bottom_padding_tablet_20pct bottom_padding_phone_20pct right_padding_tablet_3pct right_padding_phone_3pct left_padding_tablet_3pct left_padding_phone_3pct\"  style=\"padding-top: calc(100vw * 0.08); padding-bottom: calc(100vw * 0.15); \"><div class=\"row-bg-wrap\" data-bg-animation=\"none\" data-bg-animation-delay=\"\" data-bg-overlay=\"false\"><div class=\"inner-wrap row-bg-layer\" ><div class=\"row-bg viewport-desktop\"  style=\"\"><\/div><\/div><\/div><div class=\"row_col_wrap_12 col span_12 dark left\">\n\t<div  class=\"vc_col-sm-12 wpb_column column_container vc_column_container col no-extra-padding el_spacing_40px inherit_tablet inherit_phone\"  data-padding-pos=\"all\" data-has-bg-color=\"false\" data-bg-color=\"\" data-bg-opacity=\"1\" data-animation=\"\" data-delay=\"0\" >\n\t\t<div class=\"vc_column-inner\" >\n\t\t\t<div class=\"wpb_wrapper\">\n\t\t\t\t<div id=\"fws_69ece2bcf2047\" data-midnight=\"\" data-column-margin=\"default\" class=\"wpb_row vc_row-fluid vc_row inner_row\"  style=\"\"><div class=\"row-bg-wrap\"> <div class=\"row-bg\" ><\/div> <\/div><div class=\"row_col_wrap_12_inner col span_12  left\">\n\t<div  class=\"vc_col-sm-2 wpb_column column_container vc_column_container col child_column no-extra-padding inherit_tablet inherit_phone\"   data-padding-pos=\"all\" data-has-bg-color=\"false\" data-bg-color=\"\" data-bg-opacity=\"1\" data-animation=\"\" data-delay=\"0\" >\n\t\t<div class=\"vc_column-inner\" >\n\t\t<div class=\"wpb_wrapper\">\n\t\t\t\n\t\t<\/div> \n\t<\/div>\n\t<\/div> \n\n\t<div  class=\"vc_col-sm-8 wpb_column column_container vc_column_container col child_column no-extra-padding inherit_tablet inherit_phone\"   data-padding-pos=\"all\" data-has-bg-color=\"false\" data-bg-color=\"\" data-bg-opacity=\"1\" data-animation=\"\" data-delay=\"0\" >\n\t\t<div class=\"vc_column-inner\" >\n\t\t<div class=\"wpb_wrapper\">\n\t\t\t\n<div class=\"wpb_text_column wpb_content_element\" >\n\t<h1 style=\"text-align: center;\">Journal<\/h1>\n<\/div>\n\n\n\n\n\t\t<\/div> \n\t<\/div>\n\t<\/div> \n\n\t<div  class=\"vc_col-sm-2 wpb_column column_container vc_column_container col child_column no-extra-padding inherit_tablet inherit_phone\"   data-padding-pos=\"all\" data-has-bg-color=\"false\" data-bg-color=\"\" data-bg-opacity=\"1\" data-animation=\"\" data-delay=\"0\" >\n\t\t<div class=\"vc_column-inner\" >\n\t\t<div class=\"wpb_wrapper\">\n\t\t\t\n\t\t<\/div> \n\t<\/div>\n\t<\/div> \n<\/div><\/div><div class='nectar-post-grid-wrap text-color-dark spacing-15px' data-el-settings='{\"post_type\":\"post\",\"pagination\":\"none\",\"image_size\":\"large\",\"parallax_scrolling\":\"\",\"aspect_ratio_image_size\":\"\",\"category_position\":\"default\",\"category_display\":\"default\",\"display_categories\":\"0\",\"display_excerpt\":\"0\",\"excerpt_length\":\"20\",\"content_next_to_image_excerpt_pos\":\"default\",\"display_date\":\"0\",\"display_estimated_reading_time\":\"0\",\"display_author\":\"0\",\"author_functionality\":\"default\",\"author_position\":\"default\",\"color_overlay\":\"\",\"color_overlay_opacity\":\"\",\"color_overlay_hover_opacity\":\"\",\"card_bg_color\":\"\",\"grid_style\":\"content_under_image\",\"hover_effect\":\"animated_underline_zoom\",\"post_title_overlay\":\"\",\"heading_tag\":\"h3\",\"heading_tag_render\":\"default\",\"enable_gallery_lightbox\":\"0\",\"remove_links\":\"0\",\"category_style\":\"underline\",\"overlay_secondary_project_image\":\"\",\"vertical_list_hover_effect\":\"none\",\"vertical_list_read_more\":\"\",\"vertical_list_read_more_style\":\"text\",\"read_more_button\":\"0\",\"animation\":\"none\",\"custom_fields\":\"\",\"custom_fields_location\":\"before_post_meta\",\"display_type\":\"grid\",\"text_content_layout\":\"top_left\"}' data-style='content_under_image' data-query='{\"post_type\":\"post\",\"posts_per_page\":\"-1\",\"order\":\"DESC\",\"orderby\":\"date\",\"offset\":\"0\",\"cpt_name\":\"post\",\"custom_query_tax\":\"\",\"ignore_sticky_posts\":\"\",\"exclude_current_post\":\"\"}' data-load-more-color='black' data-load-more-text='Load More'><div class=\"nectar-post-grid-filters\" data-active-color=\"default\" data-align=\"default\" data-animation=\"none\" data-sortable=\"\"><div><a href=\"#\" class=\"active  all-filter\" data-total-count=\"2\" data-filter=\"-1\">All<\/a><a href=\"#\" data-filter=\"mariage\" data-total-count=\"2\">mariage<\/a><\/div><\/div><div class=\"nectar-post-grid category-position-before-title\" data-indicator=\"\" data-indicator-style=\"default\" data-indicator-text-color=\"#fff\" data-indicator-color=\"#000\" data-indicator-text=\"View\" data-columns=\"3\" data-hover-effect=\"animated_underline_zoom\" data-text-style=\"default\" data-border-radius=\"none\" data-grid-item-height=\"40vh\" data-grid-spacing=\"15px\" data-text-layout=\"top_left\" data-text-color=\"dark\" data-text-hover-color=\"dark\" data-shadow-hover=\"\" data-animation=\"none\" data-animation-stagger=\"90\" data-cat-click=\"default\"  data-lock-aspect=\"\"  data-text-align=\"center\" data-card=\"\" ><div class=\"nectar-post-grid-item nectar-underline\" data-post-id=\"517\" data-has-img=\"true\"> <div class=\"inner\"><div class=\"nectar-post-grid-item-bg-wrap\"><div class=\"nectar-post-grid-item-bg-wrap-inner\"><div class=\"nectar-post-grid-item-bg\"><img loading=\"lazy\" decoding=\"async\" width=\"1024\" height=\"683\" src=\"https:\/\/sebphotograph.com\/wp-content\/uploads\/2023\/10\/Mariage_CarlaFiorenzo-35-1024x683.jpg\" class=\"attachment-large size-large wp-post-image\" alt=\"Photographe de mariage S\u00e9bastien Marchand \u00e0 Rennes - Pr\u00e9paratifs mariage\" srcset=\"https:\/\/sebphotograph.com\/wp-content\/uploads\/2023\/10\/Mariage_CarlaFiorenzo-35-1024x683.jpg 1024w, https:\/\/sebphotograph.com\/wp-content\/uploads\/2023\/10\/Mariage_CarlaFiorenzo-35-300x200.jpg 300w, https:\/\/sebphotograph.com\/wp-content\/uploads\/2023\/10\/Mariage_CarlaFiorenzo-35-768x512.jpg 768w, https:\/\/sebphotograph.com\/wp-content\/uploads\/2023\/10\/Mariage_CarlaFiorenzo-35-1536x1024.jpg 1536w, https:\/\/sebphotograph.com\/wp-content\/uploads\/2023\/10\/Mariage_CarlaFiorenzo-35-900x600.jpg 900w, https:\/\/sebphotograph.com\/wp-content\/uploads\/2023\/10\/Mariage_CarlaFiorenzo-35-675x450.jpg 675w, https:\/\/sebphotograph.com\/wp-content\/uploads\/2023\/10\/Mariage_CarlaFiorenzo-35.jpg 1920w\" sizes=\"auto, (max-width: 1024px) 100vw, 1024px\" \/><\/div><\/div><\/div><div class=\"content\"><a class=\"nectar-post-grid-link\" href=\"https:\/\/sebphotograph.com\/en\/mariage-pensez-aux-preparatifs\/\" ><span class=\"screen-reader-text\">Mariage ? Pensez aux pr\u00e9paratifs !<\/span><\/a><div class=\"item-main\"><h3 class=\"post-heading\"><span>Mariage ? Pensez aux pr\u00e9paratifs !<\/span><\/h3><\/div><\/div><\/div><\/div><div class=\"nectar-post-grid-item nectar-underline\" data-post-id=\"411\" data-has-img=\"true\"> <div class=\"inner\"><div class=\"nectar-post-grid-item-bg-wrap\"><div class=\"nectar-post-grid-item-bg-wrap-inner\"><div class=\"nectar-post-grid-item-bg\"><img loading=\"lazy\" decoding=\"async\" width=\"683\" height=\"1024\" src=\"https:\/\/sebphotograph.com\/wp-content\/uploads\/2025\/03\/sebphotograph-mariages-portfolio-14-683x1024.jpg\" class=\"attachment-large size-large wp-post-image\" alt=\"\" srcset=\"https:\/\/sebphotograph.com\/wp-content\/uploads\/2025\/03\/sebphotograph-mariages-portfolio-14-683x1024.jpg 683w, https:\/\/sebphotograph.com\/wp-content\/uploads\/2025\/03\/sebphotograph-mariages-portfolio-14-200x300.jpg 200w, https:\/\/sebphotograph.com\/wp-content\/uploads\/2025\/03\/sebphotograph-mariages-portfolio-14-768x1152.jpg 768w, https:\/\/sebphotograph.com\/wp-content\/uploads\/2025\/03\/sebphotograph-mariages-portfolio-14-1024x1536.jpg 1024w, https:\/\/sebphotograph.com\/wp-content\/uploads\/2025\/03\/sebphotograph-mariages-portfolio-14.jpg 1280w\" sizes=\"auto, (max-width: 683px) 100vw, 683px\" \/><\/div><\/div><\/div><div class=\"content\"><a class=\"nectar-post-grid-link\" href=\"https:\/\/sebphotograph.com\/en\/les-5-meilleurs-endroits-ou-se-marier-en-bretagne\/\" ><span class=\"screen-reader-text\">Les 5 meilleurs endroits o\u00f9 se marier en Bretagne<\/span><\/a><div class=\"item-main\"><h3 class=\"post-heading\"><span>Les 5 meilleurs endroits o\u00f9 se marier en Bretagne<\/span><\/h3><\/div><\/div><\/div><\/div><\/div><\/div>\n\t\t\t<\/div> \n\t\t<\/div>\n\t<\/div> \n<\/div><\/div>","protected":false},"excerpt":{"rendered":"\u00c7a y est, vous \u00eates dans la partie \u201cRecherche lieu pour notre mariage de r\u00eave\u201d en Bretagne ? Vous \u00eates au bon endroit pour trouver votre bonheur ! Voici les...","protected":false},"author":1,"featured_media":0,"parent":0,"menu_order":0,"comment_status":"closed","ping_status":"closed","template":"","meta":{"footnotes":""},"class_list":["post-16","page","type-page","status-publish"],"yoast_head":"<!-- This site is optimized with the Yoast SEO plugin v27.4 - https:\/\/yoast.com\/product\/yoast-seo-wordpress\/ -->\n<title>Blog de photographe &#8211; S\u00e9bastien Marchand<\/title>\n<meta name=\"description\" content=\"Mon Blog de photographe \u2013 S\u00e9bastien Marchand, photographe \u00e0 Rennes \u2013 Mariages, modes, photo commerciale et portraits\" \/>\n<meta name=\"robots\" content=\"noindex, follow, max-snippet:-1, max-image-preview:large, max-video-preview:-1\" \/>\n<meta property=\"og:locale\" content=\"en_GB\" \/>\n<meta property=\"og:type\" content=\"article\" \/>\n<meta property=\"og:title\" content=\"Blog de photographe &#8211; S\u00e9bastien Marchand\" \/>\n<meta property=\"og:description\" content=\"Mon Blog de photographe \u2013 S\u00e9bastien Marchand, photographe \u00e0 Rennes \u2013 Mariages, modes, photo commerciale et portraits\" \/>\n<meta property=\"og:url\" content=\"https:\/\/sebphotograph.com\/en\/journal\/\" \/>\n<meta property=\"og:site_name\" content=\"S\u00e9bastien Marchand\" \/>\n<meta property=\"article:publisher\" content=\"https:\/\/www.facebook.com\/sbmrch\" \/>\n<meta property=\"article:modified_time\" content=\"2025-03-17T11:51:06+00:00\" \/>\n<meta property=\"og:image\" content=\"https:\/\/sebphotograph.com\/wp-content\/uploads\/2025\/03\/sebphotograph-portrait-01.webp\" \/>\n\t<meta property=\"og:image:width\" content=\"1600\" \/>\n\t<meta property=\"og:image:height\" content=\"2400\" \/>\n\t<meta property=\"og:image:type\" content=\"image\/webp\" \/>\n<meta name=\"twitter:card\" content=\"summary_large_image\" \/>\n<meta name=\"twitter:label1\" content=\"Estimated reading time\" \/>\n\t<meta name=\"twitter:data1\" content=\"1 minute\" \/>\n<script type=\"application\/ld+json\" class=\"yoast-schema-graph\">{\"@context\":\"https:\\\/\\\/schema.org\",\"@graph\":[{\"@type\":\"WebPage\",\"@id\":\"https:\\\/\\\/sebphotograph.com\\\/journal\\\/\",\"url\":\"https:\\\/\\\/sebphotograph.com\\\/journal\\\/\",\"name\":\"Blog de photographe &#8211; S\u00e9bastien Marchand\",\"isPartOf\":{\"@id\":\"https:\\\/\\\/sebphotograph.com\\\/#website\"},\"datePublished\":\"2023-09-13T16:14:38+00:00\",\"dateModified\":\"2025-03-17T11:51:06+00:00\",\"description\":\"Mon Blog de photographe \u2013 S\u00e9bastien Marchand, photographe \u00e0 Rennes \u2013 Mariages, modes, photo commerciale et portraits\",\"breadcrumb\":{\"@id\":\"https:\\\/\\\/sebphotograph.com\\\/journal\\\/#breadcrumb\"},\"inLanguage\":\"en-GB\",\"potentialAction\":[{\"@type\":\"ReadAction\",\"target\":[\"https:\\\/\\\/sebphotograph.com\\\/journal\\\/\"]}]},{\"@type\":\"BreadcrumbList\",\"@id\":\"https:\\\/\\\/sebphotograph.com\\\/journal\\\/#breadcrumb\",\"itemListElement\":[{\"@type\":\"ListItem\",\"position\":1,\"name\":\"Accueil\",\"item\":\"https:\\\/\\\/sebphotograph.com\\\/\"},{\"@type\":\"ListItem\",\"position\":2,\"name\":\"Journal\"}]},{\"@type\":\"WebSite\",\"@id\":\"https:\\\/\\\/sebphotograph.com\\\/#website\",\"url\":\"https:\\\/\\\/sebphotograph.com\\\/\",\"name\":\"S\u00e9bastien Marchand Photographe\",\"description\":\"Photographe\",\"publisher\":{\"@id\":\"https:\\\/\\\/sebphotograph.com\\\/#organization\"},\"potentialAction\":[{\"@type\":\"SearchAction\",\"target\":{\"@type\":\"EntryPoint\",\"urlTemplate\":\"https:\\\/\\\/sebphotograph.com\\\/?s={search_term_string}\"},\"query-input\":{\"@type\":\"PropertyValueSpecification\",\"valueRequired\":true,\"valueName\":\"search_term_string\"}}],\"inLanguage\":\"en-GB\"},{\"@type\":\"Organization\",\"@id\":\"https:\\\/\\\/sebphotograph.com\\\/#organization\",\"name\":\"S\u00e9bastien Marchand Photographe\",\"url\":\"https:\\\/\\\/sebphotograph.com\\\/\",\"logo\":{\"@type\":\"ImageObject\",\"inLanguage\":\"en-GB\",\"@id\":\"https:\\\/\\\/sebphotograph.com\\\/#\\\/schema\\\/logo\\\/image\\\/\",\"url\":\"https:\\\/\\\/sebphotograph.com\\\/wp-content\\\/uploads\\\/2023\\\/09\\\/seb-a-propos.jpg\",\"contentUrl\":\"https:\\\/\\\/sebphotograph.com\\\/wp-content\\\/uploads\\\/2023\\\/09\\\/seb-a-propos.jpg\",\"width\":1280,\"height\":1920,\"caption\":\"S\u00e9bastien Marchand Photographe\"},\"image\":{\"@id\":\"https:\\\/\\\/sebphotograph.com\\\/#\\\/schema\\\/logo\\\/image\\\/\"},\"sameAs\":[\"https:\\\/\\\/www.facebook.com\\\/sbmrch\",\"https:\\\/\\\/www.instagram.com\\\/sebphotograph\\\/\"]}]}<\/script>\n<!-- \/ Yoast SEO plugin. -->","yoast_head_json":{"title":"Blog de photographe &#8211; S\u00e9bastien Marchand","description":"Mon Blog de photographe \u2013 S\u00e9bastien Marchand, photographe \u00e0 Rennes \u2013 Mariages, modes, photo commerciale et portraits","robots":{"index":"noindex","follow":"follow","max-snippet":"max-snippet:-1","max-image-preview":"max-image-preview:large","max-video-preview":"max-video-preview:-1"},"og_locale":"en_GB","og_type":"article","og_title":"Blog de photographe &#8211; S\u00e9bastien Marchand","og_description":"Mon Blog de photographe \u2013 S\u00e9bastien Marchand, photographe \u00e0 Rennes \u2013 Mariages, modes, photo commerciale et portraits","og_url":"https:\/\/sebphotograph.com\/en\/journal\/","og_site_name":"S\u00e9bastien Marchand","article_publisher":"https:\/\/www.facebook.com\/sbmrch","article_modified_time":"2025-03-17T11:51:06+00:00","og_image":[{"width":1600,"height":2400,"url":"https:\/\/sebphotograph.com\/wp-content\/uploads\/2025\/03\/sebphotograph-portrait-01.webp","type":"image\/webp"}],"twitter_card":"summary_large_image","twitter_misc":{"Estimated reading time":"1 minute"},"schema":{"@context":"https:\/\/schema.org","@graph":[{"@type":"WebPage","@id":"https:\/\/sebphotograph.com\/journal\/","url":"https:\/\/sebphotograph.com\/journal\/","name":"Blog de photographe &#8211; S\u00e9bastien Marchand","isPartOf":{"@id":"https:\/\/sebphotograph.com\/#website"},"datePublished":"2023-09-13T16:14:38+00:00","dateModified":"2025-03-17T11:51:06+00:00","description":"Mon Blog de photographe \u2013 S\u00e9bastien Marchand, photographe \u00e0 Rennes \u2013 Mariages, modes, photo commerciale et portraits","breadcrumb":{"@id":"https:\/\/sebphotograph.com\/journal\/#breadcrumb"},"inLanguage":"en-GB","potentialAction":[{"@type":"ReadAction","target":["https:\/\/sebphotograph.com\/journal\/"]}]},{"@type":"BreadcrumbList","@id":"https:\/\/sebphotograph.com\/journal\/#breadcrumb","itemListElement":[{"@type":"ListItem","position":1,"name":"Accueil","item":"https:\/\/sebphotograph.com\/"},{"@type":"ListItem","position":2,"name":"Journal"}]},{"@type":"WebSite","@id":"https:\/\/sebphotograph.com\/#website","url":"https:\/\/sebphotograph.com\/","name":"S\u00e9bastien Marchand Photographe","description":"Photographer","publisher":{"@id":"https:\/\/sebphotograph.com\/#organization"},"potentialAction":[{"@type":"SearchAction","target":{"@type":"EntryPoint","urlTemplate":"https:\/\/sebphotograph.com\/?s={search_term_string}"},"query-input":{"@type":"PropertyValueSpecification","valueRequired":true,"valueName":"search_term_string"}}],"inLanguage":"en-GB"},{"@type":"Organization","@id":"https:\/\/sebphotograph.com\/#organization","name":"S\u00e9bastien Marchand Photographe","url":"https:\/\/sebphotograph.com\/","logo":{"@type":"ImageObject","inLanguage":"en-GB","@id":"https:\/\/sebphotograph.com\/#\/schema\/logo\/image\/","url":"https:\/\/sebphotograph.com\/wp-content\/uploads\/2023\/09\/seb-a-propos.jpg","contentUrl":"https:\/\/sebphotograph.com\/wp-content\/uploads\/2023\/09\/seb-a-propos.jpg","width":1280,"height":1920,"caption":"S\u00e9bastien Marchand Photographe"},"image":{"@id":"https:\/\/sebphotograph.com\/#\/schema\/logo\/image\/"},"sameAs":["https:\/\/www.facebook.com\/sbmrch","https:\/\/www.instagram.com\/sebphotograph\/"]}]}},"jetpack-related-posts":[{"id":745,"url":"https:\/\/sebphotograph.com\/en\/commissions\/","url_meta":{"origin":16,"position":0},"title":"Commissions","author":"sebphotograph","date":"16 March 2025","format":false,"excerpt":"","rel":"","context":"Similar post","block_context":{"text":"Similar post","link":""},"img":{"alt_text":"","src":"","width":0,"height":0},"classes":[]},{"id":18,"url":"https:\/\/sebphotograph.com\/en\/contact\/","url_meta":{"origin":16,"position":1},"title":"Contact","author":"sebphotograph","date":"13 September 2023","format":false,"excerpt":"","rel":"","context":"Similar post","block_context":{"text":"Similar post","link":""},"img":{"alt_text":"","src":"","width":0,"height":0},"classes":[]},{"id":14,"url":"https:\/\/sebphotograph.com\/en\/portfolio\/","url_meta":{"origin":16,"position":2},"title":"Portfolio","author":"sebphotograph","date":"13 September 2023","format":false,"excerpt":"","rel":"","context":"Similar post","block_context":{"text":"Similar post","link":""},"img":{"alt_text":"","src":"","width":0,"height":0},"classes":[]},{"id":859,"url":"https:\/\/sebphotograph.com\/en\/contact-mariage\/","url_meta":{"origin":16,"position":3},"title":"Contact mariage","author":"sebphotograph","date":"17 March 2025","format":false,"excerpt":"","rel":"","context":"Similar post","block_context":{"text":"Similar post","link":""},"img":{"alt_text":"","src":"","width":0,"height":0},"classes":[]},{"id":8,"url":"https:\/\/sebphotograph.com\/en\/","url_meta":{"origin":16,"position":4},"title":"Home","author":"sebphotograph","date":"13 September 2023","format":false,"excerpt":"","rel":"","context":"Similar post","block_context":{"text":"Similar post","link":""},"img":{"alt_text":"","src":"","width":0,"height":0},"classes":[]},{"id":563,"url":"https:\/\/sebphotograph.com\/en\/politique-de-confidentialite\/","url_meta":{"origin":16,"position":5},"title":"Privacy policy","author":"sebphotograph","date":"10 October 2023","format":false,"excerpt":"","rel":"","context":"Similar post","block_context":{"text":"Similar post","link":""},"img":{"alt_text":"","src":"","width":0,"height":0},"classes":[]}],"jetpack_sharing_enabled":true,"_links":{"self":[{"href":"https:\/\/sebphotograph.com\/en\/wp-json\/wp\/v2\/pages\/16","targetHints":{"allow":["GET"]}}],"collection":[{"href":"https:\/\/sebphotograph.com\/en\/wp-json\/wp\/v2\/pages"}],"about":[{"href":"https:\/\/sebphotograph.com\/en\/wp-json\/wp\/v2\/types\/page"}],"author":[{"embeddable":true,"href":"https:\/\/sebphotograph.com\/en\/wp-json\/wp\/v2\/users\/1"}],"replies":[{"embeddable":true,"href":"https:\/\/sebphotograph.com\/en\/wp-json\/wp\/v2\/comments?post=16"}],"version-history":[{"count":13,"href":"https:\/\/sebphotograph.com\/en\/wp-json\/wp\/v2\/pages\/16\/revisions"}],"predecessor-version":[{"id":982,"href":"https:\/\/sebphotograph.com\/en\/wp-json\/wp\/v2\/pages\/16\/revisions\/982"}],"wp:attachment":[{"href":"https:\/\/sebphotograph.com\/en\/wp-json\/wp\/v2\/media?parent=16"}],"curies":[{"name":"wp","href":"https:\/\/api.w.org\/{rel}","templated":true}]}}