{"id":18,"date":"2023-09-13T18:14:47","date_gmt":"2023-09-13T16:14:47","guid":{"rendered":"https:\/\/sebphotograph.com\/?page_id=18"},"modified":"2025-03-25T11:46:16","modified_gmt":"2025-03-25T10:46:16","slug":"contact","status":"publish","type":"page","link":"https:\/\/sebphotograph.com\/en\/contact\/","title":{"rendered":"Contact"},"content":{"rendered":"<div id=\"fws_69ecdf17c676d\"  data-column-margin=\"none\" data-midnight=\"dark\"  class=\"wpb_row vc_row-fluid vc_row full-width-content vc_row-o-equal-height vc_row-flex vc_row-o-content-middle  reverse_columns_column_tablet reverse_columns_column_phone\"  style=\"padding-top: 0px; padding-bottom: 0px; \"><div class=\"row-bg-wrap\" data-bg-animation=\"none\" data-bg-animation-delay=\"\" data-bg-overlay=\"false\"><div class=\"inner-wrap row-bg-layer\" ><div class=\"row-bg viewport-desktop\"  style=\"\"><\/div><\/div><\/div><div class=\"row_col_wrap_12 col span_12 dark left\">\n\t<div  class=\"vc_col-sm-6 wpb_column column_container vc_column_container col padding-3-percent padding-3-percent_tablet padding-3-percent_phone\"  data-padding-pos=\"top-bottom\" data-has-bg-color=\"false\" data-bg-color=\"\" data-bg-opacity=\"1\" data-animation=\"\" data-delay=\"0\" >\n\t\t<div class=\"vc_column-inner\" >\n\t\t\t<div class=\"wpb_wrapper\">\n\t\t\t\t<div id=\"fws_69ecdf17c6b1d\" data-midnight=\"\" data-column-margin=\"default\" class=\"wpb_row vc_row-fluid vc_row inner_row  top_padding_tablet_15pct top_padding_phone_15pct bottom_padding_tablet_15pct bottom_padding_phone_15pct\"  style=\"\"><div class=\"row-bg-wrap\"> <div class=\"row-bg\" ><\/div> <\/div><div class=\"row_col_wrap_12_inner col span_12  left\">\n\t<div  class=\"vc_col-sm-10 wpb_column column_container vc_column_container col child_column padding-7-percent el_spacing_30px padding-3-percent_tablet padding-3-percent_phone\"   data-padding-pos=\"all\" data-has-bg-color=\"false\" data-bg-color=\"\" data-bg-opacity=\"1\" data-animation=\"\" data-delay=\"0\" >\n\t\t<div class=\"vc_column-inner\" >\n\t\t<div class=\"wpb_wrapper\">\n\t\t\t\n<div class=\"wpb_text_column wpb_content_element\" >\n\t<p>S\u00e9bastien Marchand is a French photographer based in Rennes and Paris. After years of refining his style, he now brings the raw aesthetic of his early work while balancing it with meticulous finishing touches.<\/p>\n<\/div>\n\n\n\n<div class=\"nectar-cta  alignment_tablet_default alignment_phone_default display_tablet_inherit display_phone_inherit\" data-color=\"default\" data-using-bg=\"false\" data-display=\"block\" data-style=\"underline\" data-alignment=\"left\" data-text-color=\"std\" style=\"--nectar-button-color: var(--nectar-default); --nectar-icon-gap: 10px; \"><p> <span class=\"link_wrap\" ><a  class=\"link_text\"  role=\"button\" href=\"mailto:contact.sebastienmarchand@gmail.com\">contact.sebastienmarchand@gmail.com<\/a><\/span><\/p><\/div><div class=\"nectar-cta  alignment_tablet_default alignment_phone_default display_tablet_inherit display_phone_inherit\" data-color=\"default\" data-using-bg=\"false\" data-display=\"block\" data-style=\"underline\" data-alignment=\"left\" data-text-color=\"std\" style=\"--nectar-button-color: var(--nectar-default); --nectar-icon-gap: 10px; \"><p> <span class=\"link_wrap\" ><a target=\"_blank\" class=\"link_text\"  role=\"button\" href=\"https:\/\/www.instagram.com\/sebphotograph\/\">Instagram<\/a><\/span><\/p><\/div>\n\t\t<\/div> \n\t<\/div>\n\t<\/div> \n\n\t<div  class=\"vc_col-sm-2 wpb_column column_container vc_column_container col child_column no-extra-padding inherit_tablet inherit_phone\"   data-padding-pos=\"all\" data-has-bg-color=\"false\" data-bg-color=\"\" data-bg-opacity=\"1\" data-animation=\"\" data-delay=\"0\" >\n\t\t<div class=\"vc_column-inner\" >\n\t\t<div class=\"wpb_wrapper\">\n\t\t\t\n\t\t<\/div> \n\t<\/div>\n\t<\/div> \n<\/div><\/div>\n\t\t\t<\/div> \n\t\t<\/div>\n\t<\/div> \n\n\t<div style=\"\" class=\"vc_col-sm-6 wpb_column column_container vc_column_container col padding-5-percent padding-5-percent_tablet padding-5-percent_phone col-overflow-hidden\" data-using-bg=\"true\" data-bg-cover=\"true\" data-padding-pos=\"all\" data-has-bg-color=\"false\" data-bg-color=\"\" data-bg-opacity=\"1\" data-animation=\"\" data-delay=\"0\" >\n\t\t<div class=\"vc_column-inner\" ><div class=\"column-image-bg-wrap column-bg-layer viewport-desktop\" data-bg-pos=\"center top\" data-bg-animation=\"none\" data-bg-overlay=\"false\"><div class=\"inner-wrap\"><div class=\"column-image-bg\" style=\" background-image: url('https:\/\/sebphotograph.com\/wp-content\/uploads\/2025\/03\/sebphotograph-portrait-01.webp'); \"><\/div><\/div><\/div>\n\t\t\t<div class=\"wpb_wrapper\">\n\t\t\t\t<div class=\"divider-wrap height_tablet_600px height_phone_600px\" data-alignment=\"default\"><div style=\"height: 600px;\" class=\"divider\"><\/div><\/div><div class=\"nectar-flickity not-initialized nectar-carousel tb-spacing-0 vertical-alignment-middle ticker-rotate\" data-ticker-speed=\"slow\" data-ticker-direction=\"default\" data-centered-cells=\"false\" data-pause-on-hover=\"\" data-touch-icon-color=\"default\" data-control-color=\"default\" data-overflow=\"visible\" data-r-bottom-total=\"\" data-drag-scale=\"\" data-wrap=\"wrap\" data-spacing=\"30px\" data-controls=\"none\" data-pagination-alignment=\"default\" data-adaptive-height=\"\" data-border-radius=\"none\" data-column-border=\"\" data-column-padding=\"0\" data-format=\"default\" data-autoplay=\"true\" data-autoplay-dur=\"5000\" data-control-style=\"material_pagination\" data-desktop-columns=\"5\" data-small-desktop-columns=\"4\" data-tablet-columns=\"4\" data-phone-columns=\"4\" data-column-color=\"\"><div class=\"flickity-viewport\"> <div class=\"flickity-slider\"><div class=\"cell\"><div class=\"inner-wrap-outer\"><div class=\"inner-wrap\" ><div class=\"img-with-aniamtion-wrap\" data-max-width=\"100%\" data-max-width-mobile=\"default\" data-shadow=\"none\" data-animation=\"none\" >\n      <div class=\"inner\">\n        <div class=\"hover-wrap\"> \n          <div class=\"hover-wrap-inner\">\n            <img loading=\"lazy\" decoding=\"async\" class=\"img-with-animation skip-lazy\" data-delay=\"0\" height=\"383\" width=\"1571\" data-animation=\"none\" src=\"https:\/\/sebphotograph.com\/wp-content\/uploads\/2025\/03\/sebphotograph-clients-first.svg\" alt=\"\"  \/>\n          <\/div>\n        <\/div>\n        \n      <\/div>\n    <\/div><\/div><\/div><\/div><div class=\"cell\"><div class=\"inner-wrap-outer\"><div class=\"inner-wrap\" ><div class=\"img-with-aniamtion-wrap\" data-max-width=\"100%\" data-max-width-mobile=\"default\" data-shadow=\"none\" data-animation=\"none\" >\n      <div class=\"inner\">\n        <div class=\"hover-wrap\"> \n          <div class=\"hover-wrap-inner\">\n            <img loading=\"lazy\" decoding=\"async\" class=\"img-with-animation skip-lazy\" data-delay=\"0\" height=\"245\" width=\"1920\" data-animation=\"none\" src=\"https:\/\/sebphotograph.com\/wp-content\/uploads\/2025\/03\/sebphotograph-clients-imgmodels.svg\" alt=\"\"  \/>\n          <\/div>\n        <\/div>\n        \n      <\/div>\n    <\/div><\/div><\/div><\/div><div class=\"cell\"><div class=\"inner-wrap-outer\"><div class=\"inner-wrap\" ><div class=\"img-with-aniamtion-wrap\" data-max-width=\"100%\" data-max-width-mobile=\"default\" data-shadow=\"none\" data-animation=\"none\" >\n      <div class=\"inner\">\n        <div class=\"hover-wrap\"> \n          <div class=\"hover-wrap-inner\">\n            <img loading=\"lazy\" decoding=\"async\" class=\"img-with-animation skip-lazy\" data-delay=\"0\" height=\"1068\" width=\"1076\" data-animation=\"none\" src=\"https:\/\/sebphotograph.com\/wp-content\/uploads\/2025\/03\/sebphotograph-clients-infuseme.svg\" alt=\"\"  \/>\n          <\/div>\n        <\/div>\n        \n      <\/div>\n    <\/div><\/div><\/div><\/div><div class=\"cell\"><div class=\"inner-wrap-outer\"><div class=\"inner-wrap\" ><div class=\"img-with-aniamtion-wrap\" data-max-width=\"100%\" data-max-width-mobile=\"default\" data-shadow=\"none\" data-animation=\"none\" >\n      <div class=\"inner\">\n        <div class=\"hover-wrap\"> \n          <div class=\"hover-wrap-inner\">\n            <img loading=\"lazy\" decoding=\"async\" class=\"img-with-animation skip-lazy\" data-delay=\"0\" height=\"1070\" width=\"1701\" data-animation=\"none\" src=\"https:\/\/sebphotograph.com\/wp-content\/uploads\/2025\/03\/sebphotograph-clients-jaquard.svg\" alt=\"\"  \/>\n          <\/div>\n        <\/div>\n        \n      <\/div>\n    <\/div><\/div><\/div><\/div><div class=\"cell\"><div class=\"inner-wrap-outer\"><div class=\"inner-wrap\" ><div class=\"img-with-aniamtion-wrap\" data-max-width=\"100%\" data-max-width-mobile=\"default\" data-shadow=\"none\" data-animation=\"none\" >\n      <div class=\"inner\">\n        <div class=\"hover-wrap\"> \n          <div class=\"hover-wrap-inner\">\n            <img loading=\"lazy\" decoding=\"async\" class=\"img-with-animation skip-lazy\" data-delay=\"0\" height=\"349\" width=\"1920\" data-animation=\"none\" src=\"https:\/\/sebphotograph.com\/wp-content\/uploads\/2025\/03\/sebphotograph-clients-lapalme.svg\" alt=\"\"  \/>\n          <\/div>\n        <\/div>\n        \n      <\/div>\n    <\/div><\/div><\/div><\/div><div class=\"cell\"><div class=\"inner-wrap-outer\"><div class=\"inner-wrap\" ><div class=\"img-with-aniamtion-wrap\" data-max-width=\"100%\" data-max-width-mobile=\"default\" data-shadow=\"none\" data-animation=\"none\" >\n      <div class=\"inner\">\n        <div class=\"hover-wrap\"> \n          <div class=\"hover-wrap-inner\">\n            <img loading=\"lazy\" decoding=\"async\" class=\"img-with-animation skip-lazy\" data-delay=\"0\" height=\"320\" width=\"1221\" data-animation=\"none\" src=\"https:\/\/sebphotograph.com\/wp-content\/uploads\/2025\/03\/sebphotograph-clients-lewis.svg\" alt=\"\"  \/>\n          <\/div>\n        <\/div>\n        \n      <\/div>\n    <\/div><\/div><\/div><\/div><div class=\"cell\"><div class=\"inner-wrap-outer\"><div class=\"inner-wrap\" ><div class=\"img-with-aniamtion-wrap\" data-max-width=\"100%\" data-max-width-mobile=\"default\" data-shadow=\"none\" data-animation=\"none\" >\n      <div class=\"inner\">\n        <div class=\"hover-wrap\"> \n          <div class=\"hover-wrap-inner\">\n            <img loading=\"lazy\" decoding=\"async\" class=\"img-with-animation skip-lazy\" data-delay=\"0\" height=\"817\" width=\"1920\" data-animation=\"none\" src=\"https:\/\/sebphotograph.com\/wp-content\/uploads\/2025\/03\/sebphotograph-clients-lunettespourtous.svg\" alt=\"\"  \/>\n          <\/div>\n        <\/div>\n        \n      <\/div>\n    <\/div><\/div><\/div><\/div><div class=\"cell\"><div class=\"inner-wrap-outer\"><div class=\"inner-wrap\" ><div class=\"img-with-aniamtion-wrap\" data-max-width=\"100%\" data-max-width-mobile=\"default\" data-shadow=\"none\" data-animation=\"none\" >\n      <div class=\"inner\">\n        <div class=\"hover-wrap\"> \n          <div class=\"hover-wrap-inner\">\n            <img loading=\"lazy\" decoding=\"async\" class=\"img-with-animation skip-lazy\" data-delay=\"0\" height=\"425\" width=\"1920\" data-animation=\"none\" src=\"https:\/\/sebphotograph.com\/wp-content\/uploads\/2025\/03\/sebphotograph-clients-mirabeau.svg\" alt=\"\"  \/>\n          <\/div>\n        <\/div>\n        \n      <\/div>\n    <\/div><\/div><\/div><\/div><div class=\"cell\"><div class=\"inner-wrap-outer\"><div class=\"inner-wrap\" ><div class=\"img-with-aniamtion-wrap\" data-max-width=\"100%\" data-max-width-mobile=\"default\" data-shadow=\"none\" data-animation=\"none\" >\n      <div class=\"inner\">\n        <div class=\"hover-wrap\"> \n          <div class=\"hover-wrap-inner\">\n            <img loading=\"lazy\" decoding=\"async\" class=\"img-with-animation skip-lazy\" data-delay=\"0\" height=\"747\" width=\"1757\" data-animation=\"none\" src=\"https:\/\/sebphotograph.com\/wp-content\/uploads\/2025\/03\/sebphotograph-clients-parfumsdemarly.svg\" alt=\"\"  \/>\n          <\/div>\n        <\/div>\n        \n      <\/div>\n    <\/div><\/div><\/div><\/div><div class=\"cell\"><div class=\"inner-wrap-outer\"><div class=\"inner-wrap\" ><div class=\"img-with-aniamtion-wrap\" data-max-width=\"100%\" data-max-width-mobile=\"default\" data-shadow=\"none\" data-animation=\"none\" >\n      <div class=\"inner\">\n        <div class=\"hover-wrap\"> \n          <div class=\"hover-wrap-inner\">\n            <img loading=\"lazy\" decoding=\"async\" class=\"img-with-animation skip-lazy\" data-delay=\"0\" height=\"200\" width=\"1920\" data-animation=\"none\" src=\"https:\/\/sebphotograph.com\/wp-content\/uploads\/2025\/03\/sebphotograph-clients-planity.svg\" alt=\"\"  \/>\n          <\/div>\n        <\/div>\n        \n      <\/div>\n    <\/div><\/div><\/div><\/div><div class=\"cell\"><div class=\"inner-wrap-outer\"><div class=\"inner-wrap\" ><div class=\"img-with-aniamtion-wrap\" data-max-width=\"100%\" data-max-width-mobile=\"default\" data-shadow=\"none\" data-animation=\"none\" >\n      <div class=\"inner\">\n        <div class=\"hover-wrap\"> \n          <div class=\"hover-wrap-inner\">\n            <img loading=\"lazy\" decoding=\"async\" class=\"img-with-animation skip-lazy\" data-delay=\"0\" height=\"598\" width=\"1920\" data-animation=\"none\" src=\"https:\/\/sebphotograph.com\/wp-content\/uploads\/2025\/03\/sebphotograph-clients-rufskin.svg\" alt=\"\"  \/>\n          <\/div>\n        <\/div>\n        \n      <\/div>\n    <\/div><\/div><\/div><\/div><div class=\"cell\"><div class=\"inner-wrap-outer\"><div class=\"inner-wrap\" ><div class=\"img-with-aniamtion-wrap\" data-max-width=\"100%\" data-max-width-mobile=\"default\" data-shadow=\"none\" data-animation=\"none\" >\n      <div class=\"inner\">\n        <div class=\"hover-wrap\"> \n          <div class=\"hover-wrap-inner\">\n            <img loading=\"lazy\" decoding=\"async\" class=\"img-with-animation skip-lazy\" data-delay=\"0\" height=\"400\" width=\"1920\" data-animation=\"none\" src=\"https:\/\/sebphotograph.com\/wp-content\/uploads\/2025\/03\/sebphotograph-clients-sentient.svg\" alt=\"\"  \/>\n          <\/div>\n        <\/div>\n        \n      <\/div>\n    <\/div><\/div><\/div><\/div><div class=\"cell\"><div class=\"inner-wrap-outer\"><div class=\"inner-wrap\" ><div class=\"img-with-aniamtion-wrap\" data-max-width=\"100%\" data-max-width-mobile=\"default\" data-shadow=\"none\" data-animation=\"none\" >\n      <div class=\"inner\">\n        <div class=\"hover-wrap\"> \n          <div class=\"hover-wrap-inner\">\n            <img loading=\"lazy\" decoding=\"async\" class=\"img-with-animation skip-lazy\" data-delay=\"0\" height=\"310\" width=\"1920\" data-animation=\"none\" src=\"https:\/\/sebphotograph.com\/wp-content\/uploads\/2025\/03\/sebphotograph-clients-shiseido.svg\" alt=\"\"  \/>\n          <\/div>\n        <\/div>\n        \n      <\/div>\n    <\/div><\/div><\/div><\/div><div class=\"cell\"><div class=\"inner-wrap-outer\"><div class=\"inner-wrap\" ><div class=\"img-with-aniamtion-wrap\" data-max-width=\"100%\" data-max-width-mobile=\"default\" data-shadow=\"none\" data-animation=\"none\" >\n      <div class=\"inner\">\n        <div class=\"hover-wrap\"> \n          <div class=\"hover-wrap-inner\">\n            <img loading=\"lazy\" decoding=\"async\" class=\"img-with-animation skip-lazy\" data-delay=\"0\" height=\"341\" width=\"1920\" data-animation=\"none\" src=\"https:\/\/sebphotograph.com\/wp-content\/uploads\/2025\/03\/sebphotograph-clients-ysl.svg\" alt=\"\"  \/>\n          <\/div>\n        <\/div>\n        \n      <\/div>\n    <\/div><\/div><\/div><\/div><\/div><\/div><\/div>\n\t\t\t<\/div> \n\t\t<\/div>\n\t<\/div> \n<\/div><\/div>","protected":false},"excerpt":{"rendered":"S\u00e9bastien Marchand est un photographe fran\u00e7ais bas\u00e9 \u00e0 Rennes et Paris. Apr\u00e8s plusieurs ann\u00e9es \u00e0 affiner son style, aujourd\u2019hui il apporte l\u2019esth\u00e9tique brute de ses premiers travaux, tout en \u00e9quilibrant...","protected":false},"author":1,"featured_media":0,"parent":0,"menu_order":0,"comment_status":"closed","ping_status":"closed","template":"","meta":{"footnotes":""},"class_list":["post-18","page","type-page","status-publish"],"yoast_head":"<!-- This site is optimized with the Yoast SEO plugin v27.4 - https:\/\/yoast.com\/product\/yoast-seo-wordpress\/ -->\n<title>Contact &#8211; S\u00e9bastien Marchand<\/title>\n<meta name=\"description\" content=\"S\u00e9bastien Marchand photographe professionnel de portrait, mode, commercial et mariage. Bas\u00e9 \u00e0 Rennes et Paris.\" \/>\n<meta name=\"robots\" content=\"noindex, follow, max-snippet:-1, max-image-preview:large, max-video-preview:-1\" \/>\n<meta property=\"og:locale\" content=\"en_GB\" \/>\n<meta property=\"og:type\" content=\"article\" \/>\n<meta property=\"og:title\" content=\"Contact &#8211; S\u00e9bastien Marchand\" \/>\n<meta property=\"og:description\" content=\"S\u00e9bastien Marchand photographe professionnel de portrait, mode, commercial et mariage. Bas\u00e9 \u00e0 Rennes et Paris.\" \/>\n<meta property=\"og:url\" content=\"https:\/\/sebphotograph.com\/en\/contact\/\" \/>\n<meta property=\"og:site_name\" content=\"S\u00e9bastien Marchand\" \/>\n<meta property=\"article:publisher\" content=\"https:\/\/www.facebook.com\/sbmrch\" \/>\n<meta property=\"article:modified_time\" content=\"2025-03-25T10:46:16+00:00\" \/>\n<meta property=\"og:image\" content=\"https:\/\/sebphotograph.com\/wp-content\/uploads\/2025\/03\/sebphotograph-portrait-01.webp\" \/>\n\t<meta property=\"og:image:width\" content=\"1600\" \/>\n\t<meta property=\"og:image:height\" content=\"2400\" \/>\n\t<meta property=\"og:image:type\" content=\"image\/webp\" \/>\n<meta name=\"twitter:card\" content=\"summary_large_image\" \/>\n<meta name=\"twitter:label1\" content=\"Estimated reading time\" \/>\n\t<meta name=\"twitter:data1\" content=\"4 minutes\" \/>\n<script type=\"application\/ld+json\" class=\"yoast-schema-graph\">{\"@context\":\"https:\\\/\\\/schema.org\",\"@graph\":[{\"@type\":\"WebPage\",\"@id\":\"https:\\\/\\\/sebphotograph.com\\\/contact\\\/\",\"url\":\"https:\\\/\\\/sebphotograph.com\\\/contact\\\/\",\"name\":\"Contact &#8211; S\u00e9bastien Marchand\",\"isPartOf\":{\"@id\":\"https:\\\/\\\/sebphotograph.com\\\/#website\"},\"datePublished\":\"2023-09-13T16:14:47+00:00\",\"dateModified\":\"2025-03-25T10:46:16+00:00\",\"description\":\"S\u00e9bastien Marchand photographe professionnel de portrait, mode, commercial et mariage. Bas\u00e9 \u00e0 Rennes et Paris.\",\"breadcrumb\":{\"@id\":\"https:\\\/\\\/sebphotograph.com\\\/contact\\\/#breadcrumb\"},\"inLanguage\":\"en-GB\",\"potentialAction\":[{\"@type\":\"ReadAction\",\"target\":[\"https:\\\/\\\/sebphotograph.com\\\/contact\\\/\"]}]},{\"@type\":\"BreadcrumbList\",\"@id\":\"https:\\\/\\\/sebphotograph.com\\\/contact\\\/#breadcrumb\",\"itemListElement\":[{\"@type\":\"ListItem\",\"position\":1,\"name\":\"Accueil\",\"item\":\"https:\\\/\\\/sebphotograph.com\\\/\"},{\"@type\":\"ListItem\",\"position\":2,\"name\":\"Contact\"}]},{\"@type\":\"WebSite\",\"@id\":\"https:\\\/\\\/sebphotograph.com\\\/#website\",\"url\":\"https:\\\/\\\/sebphotograph.com\\\/\",\"name\":\"S\u00e9bastien Marchand Photographe\",\"description\":\"Photographe\",\"publisher\":{\"@id\":\"https:\\\/\\\/sebphotograph.com\\\/#organization\"},\"potentialAction\":[{\"@type\":\"SearchAction\",\"target\":{\"@type\":\"EntryPoint\",\"urlTemplate\":\"https:\\\/\\\/sebphotograph.com\\\/?s={search_term_string}\"},\"query-input\":{\"@type\":\"PropertyValueSpecification\",\"valueRequired\":true,\"valueName\":\"search_term_string\"}}],\"inLanguage\":\"en-GB\"},{\"@type\":\"Organization\",\"@id\":\"https:\\\/\\\/sebphotograph.com\\\/#organization\",\"name\":\"S\u00e9bastien Marchand Photographe\",\"url\":\"https:\\\/\\\/sebphotograph.com\\\/\",\"logo\":{\"@type\":\"ImageObject\",\"inLanguage\":\"en-GB\",\"@id\":\"https:\\\/\\\/sebphotograph.com\\\/#\\\/schema\\\/logo\\\/image\\\/\",\"url\":\"https:\\\/\\\/sebphotograph.com\\\/wp-content\\\/uploads\\\/2023\\\/09\\\/seb-a-propos.jpg\",\"contentUrl\":\"https:\\\/\\\/sebphotograph.com\\\/wp-content\\\/uploads\\\/2023\\\/09\\\/seb-a-propos.jpg\",\"width\":1280,\"height\":1920,\"caption\":\"S\u00e9bastien Marchand Photographe\"},\"image\":{\"@id\":\"https:\\\/\\\/sebphotograph.com\\\/#\\\/schema\\\/logo\\\/image\\\/\"},\"sameAs\":[\"https:\\\/\\\/www.facebook.com\\\/sbmrch\",\"https:\\\/\\\/www.instagram.com\\\/sebphotograph\\\/\"]}]}<\/script>\n<!-- \/ Yoast SEO plugin. -->","yoast_head_json":{"title":"Contact &#8211; S\u00e9bastien Marchand","description":"S\u00e9bastien Marchand photographe professionnel de portrait, mode, commercial et mariage. Bas\u00e9 \u00e0 Rennes et Paris.","robots":{"index":"noindex","follow":"follow","max-snippet":"max-snippet:-1","max-image-preview":"max-image-preview:large","max-video-preview":"max-video-preview:-1"},"og_locale":"en_GB","og_type":"article","og_title":"Contact &#8211; S\u00e9bastien Marchand","og_description":"S\u00e9bastien Marchand photographe professionnel de portrait, mode, commercial et mariage. Bas\u00e9 \u00e0 Rennes et Paris.","og_url":"https:\/\/sebphotograph.com\/en\/contact\/","og_site_name":"S\u00e9bastien Marchand","article_publisher":"https:\/\/www.facebook.com\/sbmrch","article_modified_time":"2025-03-25T10:46:16+00:00","og_image":[{"width":1600,"height":2400,"url":"https:\/\/sebphotograph.com\/wp-content\/uploads\/2025\/03\/sebphotograph-portrait-01.webp","type":"image\/webp"}],"twitter_card":"summary_large_image","twitter_misc":{"Estimated reading time":"4 minutes"},"schema":{"@context":"https:\/\/schema.org","@graph":[{"@type":"WebPage","@id":"https:\/\/sebphotograph.com\/contact\/","url":"https:\/\/sebphotograph.com\/contact\/","name":"Contact &#8211; S\u00e9bastien Marchand","isPartOf":{"@id":"https:\/\/sebphotograph.com\/#website"},"datePublished":"2023-09-13T16:14:47+00:00","dateModified":"2025-03-25T10:46:16+00:00","description":"S\u00e9bastien Marchand photographe professionnel de portrait, mode, commercial et mariage. Bas\u00e9 \u00e0 Rennes et Paris.","breadcrumb":{"@id":"https:\/\/sebphotograph.com\/contact\/#breadcrumb"},"inLanguage":"en-GB","potentialAction":[{"@type":"ReadAction","target":["https:\/\/sebphotograph.com\/contact\/"]}]},{"@type":"BreadcrumbList","@id":"https:\/\/sebphotograph.com\/contact\/#breadcrumb","itemListElement":[{"@type":"ListItem","position":1,"name":"Accueil","item":"https:\/\/sebphotograph.com\/"},{"@type":"ListItem","position":2,"name":"Contact"}]},{"@type":"WebSite","@id":"https:\/\/sebphotograph.com\/#website","url":"https:\/\/sebphotograph.com\/","name":"S\u00e9bastien Marchand Photographe","description":"Photographer","publisher":{"@id":"https:\/\/sebphotograph.com\/#organization"},"potentialAction":[{"@type":"SearchAction","target":{"@type":"EntryPoint","urlTemplate":"https:\/\/sebphotograph.com\/?s={search_term_string}"},"query-input":{"@type":"PropertyValueSpecification","valueRequired":true,"valueName":"search_term_string"}}],"inLanguage":"en-GB"},{"@type":"Organization","@id":"https:\/\/sebphotograph.com\/#organization","name":"S\u00e9bastien Marchand Photographe","url":"https:\/\/sebphotograph.com\/","logo":{"@type":"ImageObject","inLanguage":"en-GB","@id":"https:\/\/sebphotograph.com\/#\/schema\/logo\/image\/","url":"https:\/\/sebphotograph.com\/wp-content\/uploads\/2023\/09\/seb-a-propos.jpg","contentUrl":"https:\/\/sebphotograph.com\/wp-content\/uploads\/2023\/09\/seb-a-propos.jpg","width":1280,"height":1920,"caption":"S\u00e9bastien Marchand Photographe"},"image":{"@id":"https:\/\/sebphotograph.com\/#\/schema\/logo\/image\/"},"sameAs":["https:\/\/www.facebook.com\/sbmrch","https:\/\/www.instagram.com\/sebphotograph\/"]}]}},"jetpack-related-posts":[{"id":16,"url":"https:\/\/sebphotograph.com\/en\/journal\/","url_meta":{"origin":18,"position":0},"title":"Journal","author":"sebphotograph","date":"13 September 2023","format":false,"excerpt":"","rel":"","context":"Similar post","block_context":{"text":"Similar post","link":""},"img":{"alt_text":"","src":"","width":0,"height":0},"classes":[]},{"id":745,"url":"https:\/\/sebphotograph.com\/en\/commissions\/","url_meta":{"origin":18,"position":1},"title":"Commissions","author":"sebphotograph","date":"16 March 2025","format":false,"excerpt":"","rel":"","context":"Similar post","block_context":{"text":"Similar post","link":""},"img":{"alt_text":"","src":"","width":0,"height":0},"classes":[]},{"id":14,"url":"https:\/\/sebphotograph.com\/en\/portfolio\/","url_meta":{"origin":18,"position":2},"title":"Portfolio","author":"sebphotograph","date":"13 September 2023","format":false,"excerpt":"","rel":"","context":"Similar post","block_context":{"text":"Similar post","link":""},"img":{"alt_text":"","src":"","width":0,"height":0},"classes":[]},{"id":859,"url":"https:\/\/sebphotograph.com\/en\/contact-mariage\/","url_meta":{"origin":18,"position":3},"title":"Contact mariage","author":"sebphotograph","date":"17 March 2025","format":false,"excerpt":"","rel":"","context":"Similar post","block_context":{"text":"Similar post","link":""},"img":{"alt_text":"","src":"","width":0,"height":0},"classes":[]},{"id":8,"url":"https:\/\/sebphotograph.com\/en\/","url_meta":{"origin":18,"position":4},"title":"Home","author":"sebphotograph","date":"13 September 2023","format":false,"excerpt":"","rel":"","context":"Similar post","block_context":{"text":"Similar post","link":""},"img":{"alt_text":"","src":"","width":0,"height":0},"classes":[]},{"id":563,"url":"https:\/\/sebphotograph.com\/en\/politique-de-confidentialite\/","url_meta":{"origin":18,"position":5},"title":"Privacy policy","author":"sebphotograph","date":"10 October 2023","format":false,"excerpt":"","rel":"","context":"Similar post","block_context":{"text":"Similar post","link":""},"img":{"alt_text":"","src":"","width":0,"height":0},"classes":[]}],"jetpack_sharing_enabled":true,"_links":{"self":[{"href":"https:\/\/sebphotograph.com\/en\/wp-json\/wp\/v2\/pages\/18","targetHints":{"allow":["GET"]}}],"collection":[{"href":"https:\/\/sebphotograph.com\/en\/wp-json\/wp\/v2\/pages"}],"about":[{"href":"https:\/\/sebphotograph.com\/en\/wp-json\/wp\/v2\/types\/page"}],"author":[{"embeddable":true,"href":"https:\/\/sebphotograph.com\/en\/wp-json\/wp\/v2\/users\/1"}],"replies":[{"embeddable":true,"href":"https:\/\/sebphotograph.com\/en\/wp-json\/wp\/v2\/comments?post=18"}],"version-history":[{"count":34,"href":"https:\/\/sebphotograph.com\/en\/wp-json\/wp\/v2\/pages\/18\/revisions"}],"predecessor-version":[{"id":1056,"href":"https:\/\/sebphotograph.com\/en\/wp-json\/wp\/v2\/pages\/18\/revisions\/1056"}],"wp:attachment":[{"href":"https:\/\/sebphotograph.com\/en\/wp-json\/wp\/v2\/media?parent=18"}],"curies":[{"name":"wp","href":"https:\/\/api.w.org\/{rel}","templated":true}]}}