{"id":8,"date":"2023-09-13T17:35:32","date_gmt":"2023-09-13T15:35:32","guid":{"rendered":"https:\/\/sebphotograph.com\/?page_id=8"},"modified":"2025-03-25T11:45:13","modified_gmt":"2025-03-25T10:45:13","slug":"home","status":"publish","type":"page","link":"https:\/\/sebphotograph.com\/en\/","title":{"rendered":"Home"},"content":{"rendered":"<div id=\"fws_69ecca90a7b4a\"  data-column-margin=\"none\" data-midnight=\"light\"  class=\"wpb_row vc_row-fluid vc_row full-width-content vc_row-o-full-height vc_row-o-columns-middle vc_row-o-equal-height vc_row-flex vc_row-o-content-top\"  style=\"padding-top: 0px; padding-bottom: 0px; \"><div class=\"row-bg-wrap\" data-bg-animation=\"none\" data-bg-animation-delay=\"\" data-bg-overlay=\"false\"><div class=\"inner-wrap row-bg-layer using-image\" ><div class=\"row-bg viewport-desktop using-image has-phone\"  style=\"background-image: url(https:\/\/sebphotograph.com\/wp-content\/uploads\/2025\/03\/sebphotograph-homepage2025-desktop-01.webp); background-position: center center; background-repeat: no-repeat; \"><\/div><div class=\"row-bg viewport-phone using-image\"  style=\"background-image: url(https:\/\/sebphotograph.com\/wp-content\/uploads\/2025\/03\/sebphotograph-homepage2025-mobile-01.webp); background-position: center center; background-repeat: no-repeat; \"><\/div><\/div><\/div><div class=\"row_col_wrap_12 col span_12 light left\">\n\t<div  class=\"vc_col-sm-12 wpb_column column_container vc_column_container col no-extra-padding inherit_tablet inherit_phone\"  data-padding-pos=\"all\" data-has-bg-color=\"false\" data-bg-color=\"\" data-bg-opacity=\"1\" data-animation=\"\" data-delay=\"0\" >\n\t\t<div class=\"vc_column-inner\" >\n\t\t\t<div class=\"wpb_wrapper\">\n\t\t\t\t<div id=\"fws_69ecca90a7ede\" data-midnight=\"\" data-column-margin=\"default\" class=\"wpb_row vc_row-fluid vc_row inner_row\"  style=\"\"><div class=\"row-bg-wrap\"> <div class=\"row-bg\" ><\/div> <\/div><div class=\"row_col_wrap_12_inner col span_12  left\">\n\t<div  class=\"vc_col-sm-12 wpb_column column_container vc_column_container col child_column no-extra-padding inherit_tablet inherit_phone\"   data-padding-pos=\"all\" data-has-bg-color=\"false\" data-bg-color=\"\" data-bg-opacity=\"1\" data-animation=\"\" data-delay=\"0\" >\n\t\t<div class=\"vc_column-inner\" >\n\t\t<div class=\"wpb_wrapper\">\n\t\t\t<div class=\"nectar-cta  alignment_tablet_center alignment_phone_center display_tablet_inherit display_phone_inherit\" data-color=\"default\" data-using-bg=\"false\" data-display=\"block\" data-style=\"underline\" data-alignment=\"center\" data-text-color=\"std\" style=\"--nectar-button-color: var(--nectar-default); --nectar-icon-gap: 10px; \"><h4> <span class=\"link_wrap\" ><a  class=\"link_text\"  role=\"button\" href=\"\/en\/quick-portfolio\/\">Enter<\/a><\/span><\/h4><\/div>\n\t\t<\/div> \n\t<\/div>\n\t<\/div> \n<\/div><\/div>\n\t\t\t<\/div> \n\t\t<\/div>\n\t<\/div> \n<\/div><\/div>","protected":false},"excerpt":{"rendered":"Enter","protected":false},"author":1,"featured_media":0,"parent":0,"menu_order":0,"comment_status":"closed","ping_status":"closed","template":"template-no-footer.php","meta":{"footnotes":""},"class_list":["post-8","page","type-page","status-publish"],"yoast_head":"<!-- This site is optimized with the Yoast SEO plugin v27.4 - https:\/\/yoast.com\/product\/yoast-seo-wordpress\/ -->\n<title>S\u00e9bastien Marchand<\/title>\n<meta name=\"description\" content=\"S\u00e9bastien Marchand, photographe \u00e0 Rennes sp\u00e9cialis\u00e9 dans la photo de portraits, photos commerciales, photo de mode et photo de mariages\" \/>\n<meta name=\"robots\" content=\"noindex, follow, max-snippet:-1, max-image-preview:large, max-video-preview:-1\" \/>\n<meta property=\"og:locale\" content=\"en_GB\" \/>\n<meta property=\"og:type\" content=\"article\" \/>\n<meta property=\"og:title\" content=\"S\u00e9bastien Marchand\" \/>\n<meta property=\"og:description\" content=\"S\u00e9bastien Marchand, photographe \u00e0 Rennes sp\u00e9cialis\u00e9 dans la photo de portraits, photos commerciales, photo de mode et photo de mariages\" \/>\n<meta property=\"og:url\" content=\"https:\/\/sebphotograph.com\/en\/\" \/>\n<meta property=\"og:site_name\" content=\"S\u00e9bastien Marchand\" \/>\n<meta property=\"article:publisher\" content=\"https:\/\/www.facebook.com\/sbmrch\" \/>\n<meta property=\"article:modified_time\" content=\"2025-03-25T10:45:13+00:00\" \/>\n<meta property=\"og:image\" content=\"https:\/\/sebphotograph.com\/wp-content\/uploads\/2025\/03\/sebphotograph-portrait-01.webp\" \/>\n\t<meta property=\"og:image:width\" content=\"1600\" \/>\n\t<meta property=\"og:image:height\" content=\"2400\" \/>\n\t<meta property=\"og:image:type\" content=\"image\/webp\" \/>\n<meta name=\"twitter:card\" content=\"summary_large_image\" \/>\n<meta name=\"twitter:label1\" content=\"Estimated reading time\" \/>\n\t<meta name=\"twitter:data1\" content=\"1 minute\" \/>\n<script type=\"application\/ld+json\" class=\"yoast-schema-graph\">{\"@context\":\"https:\\\/\\\/schema.org\",\"@graph\":[{\"@type\":\"WebPage\",\"@id\":\"https:\\\/\\\/sebphotograph.com\\\/\",\"url\":\"https:\\\/\\\/sebphotograph.com\\\/\",\"name\":\"S\u00e9bastien Marchand\",\"isPartOf\":{\"@id\":\"https:\\\/\\\/sebphotograph.com\\\/#website\"},\"datePublished\":\"2023-09-13T15:35:32+00:00\",\"dateModified\":\"2025-03-25T10:45:13+00:00\",\"description\":\"S\u00e9bastien Marchand, photographe \u00e0 Rennes sp\u00e9cialis\u00e9 dans la photo de portraits, photos commerciales, photo de mode et photo de mariages\",\"breadcrumb\":{\"@id\":\"https:\\\/\\\/sebphotograph.com\\\/#breadcrumb\"},\"inLanguage\":\"en-GB\",\"potentialAction\":[{\"@type\":\"ReadAction\",\"target\":[\"https:\\\/\\\/sebphotograph.com\\\/\"]}]},{\"@type\":\"BreadcrumbList\",\"@id\":\"https:\\\/\\\/sebphotograph.com\\\/#breadcrumb\",\"itemListElement\":[{\"@type\":\"ListItem\",\"position\":1,\"name\":\"Accueil\",\"item\":\"https:\\\/\\\/sebphotograph.com\\\/\"},{\"@type\":\"ListItem\",\"position\":2,\"name\":\"Home\"}]},{\"@type\":\"WebSite\",\"@id\":\"https:\\\/\\\/sebphotograph.com\\\/#website\",\"url\":\"https:\\\/\\\/sebphotograph.com\\\/\",\"name\":\"S\u00e9bastien Marchand Photographe\",\"description\":\"Photographe\",\"publisher\":{\"@id\":\"https:\\\/\\\/sebphotograph.com\\\/#organization\"},\"potentialAction\":[{\"@type\":\"SearchAction\",\"target\":{\"@type\":\"EntryPoint\",\"urlTemplate\":\"https:\\\/\\\/sebphotograph.com\\\/?s={search_term_string}\"},\"query-input\":{\"@type\":\"PropertyValueSpecification\",\"valueRequired\":true,\"valueName\":\"search_term_string\"}}],\"inLanguage\":\"en-GB\"},{\"@type\":\"Organization\",\"@id\":\"https:\\\/\\\/sebphotograph.com\\\/#organization\",\"name\":\"S\u00e9bastien Marchand Photographe\",\"url\":\"https:\\\/\\\/sebphotograph.com\\\/\",\"logo\":{\"@type\":\"ImageObject\",\"inLanguage\":\"en-GB\",\"@id\":\"https:\\\/\\\/sebphotograph.com\\\/#\\\/schema\\\/logo\\\/image\\\/\",\"url\":\"https:\\\/\\\/sebphotograph.com\\\/wp-content\\\/uploads\\\/2023\\\/09\\\/seb-a-propos.jpg\",\"contentUrl\":\"https:\\\/\\\/sebphotograph.com\\\/wp-content\\\/uploads\\\/2023\\\/09\\\/seb-a-propos.jpg\",\"width\":1280,\"height\":1920,\"caption\":\"S\u00e9bastien Marchand Photographe\"},\"image\":{\"@id\":\"https:\\\/\\\/sebphotograph.com\\\/#\\\/schema\\\/logo\\\/image\\\/\"},\"sameAs\":[\"https:\\\/\\\/www.facebook.com\\\/sbmrch\",\"https:\\\/\\\/www.instagram.com\\\/sebphotograph\\\/\"]}]}<\/script>\n<!-- \/ Yoast SEO plugin. -->","yoast_head_json":{"title":"S\u00e9bastien Marchand","description":"S\u00e9bastien Marchand, photographe \u00e0 Rennes sp\u00e9cialis\u00e9 dans la photo de portraits, photos commerciales, photo de mode et photo de mariages","robots":{"index":"noindex","follow":"follow","max-snippet":"max-snippet:-1","max-image-preview":"max-image-preview:large","max-video-preview":"max-video-preview:-1"},"og_locale":"en_GB","og_type":"article","og_title":"S\u00e9bastien Marchand","og_description":"S\u00e9bastien Marchand, photographe \u00e0 Rennes sp\u00e9cialis\u00e9 dans la photo de portraits, photos commerciales, photo de mode et photo de mariages","og_url":"https:\/\/sebphotograph.com\/en\/","og_site_name":"S\u00e9bastien Marchand","article_publisher":"https:\/\/www.facebook.com\/sbmrch","article_modified_time":"2025-03-25T10:45:13+00:00","og_image":[{"width":1600,"height":2400,"url":"https:\/\/sebphotograph.com\/wp-content\/uploads\/2025\/03\/sebphotograph-portrait-01.webp","type":"image\/webp"}],"twitter_card":"summary_large_image","twitter_misc":{"Estimated reading time":"1 minute"},"schema":{"@context":"https:\/\/schema.org","@graph":[{"@type":"WebPage","@id":"https:\/\/sebphotograph.com\/","url":"https:\/\/sebphotograph.com\/","name":"S\u00e9bastien Marchand","isPartOf":{"@id":"https:\/\/sebphotograph.com\/#website"},"datePublished":"2023-09-13T15:35:32+00:00","dateModified":"2025-03-25T10:45:13+00:00","description":"S\u00e9bastien Marchand, photographe \u00e0 Rennes sp\u00e9cialis\u00e9 dans la photo de portraits, photos commerciales, photo de mode et photo de mariages","breadcrumb":{"@id":"https:\/\/sebphotograph.com\/#breadcrumb"},"inLanguage":"en-GB","potentialAction":[{"@type":"ReadAction","target":["https:\/\/sebphotograph.com\/"]}]},{"@type":"BreadcrumbList","@id":"https:\/\/sebphotograph.com\/#breadcrumb","itemListElement":[{"@type":"ListItem","position":1,"name":"Accueil","item":"https:\/\/sebphotograph.com\/"},{"@type":"ListItem","position":2,"name":"Home"}]},{"@type":"WebSite","@id":"https:\/\/sebphotograph.com\/#website","url":"https:\/\/sebphotograph.com\/","name":"S\u00e9bastien Marchand Photographe","description":"Photographer","publisher":{"@id":"https:\/\/sebphotograph.com\/#organization"},"potentialAction":[{"@type":"SearchAction","target":{"@type":"EntryPoint","urlTemplate":"https:\/\/sebphotograph.com\/?s={search_term_string}"},"query-input":{"@type":"PropertyValueSpecification","valueRequired":true,"valueName":"search_term_string"}}],"inLanguage":"en-GB"},{"@type":"Organization","@id":"https:\/\/sebphotograph.com\/#organization","name":"S\u00e9bastien Marchand Photographe","url":"https:\/\/sebphotograph.com\/","logo":{"@type":"ImageObject","inLanguage":"en-GB","@id":"https:\/\/sebphotograph.com\/#\/schema\/logo\/image\/","url":"https:\/\/sebphotograph.com\/wp-content\/uploads\/2023\/09\/seb-a-propos.jpg","contentUrl":"https:\/\/sebphotograph.com\/wp-content\/uploads\/2023\/09\/seb-a-propos.jpg","width":1280,"height":1920,"caption":"S\u00e9bastien Marchand Photographe"},"image":{"@id":"https:\/\/sebphotograph.com\/#\/schema\/logo\/image\/"},"sameAs":["https:\/\/www.facebook.com\/sbmrch","https:\/\/www.instagram.com\/sebphotograph\/"]}]}},"jetpack-related-posts":[{"id":18,"url":"https:\/\/sebphotograph.com\/en\/contact\/","url_meta":{"origin":8,"position":0},"title":"Contact","author":"sebphotograph","date":"13 September 2023","format":false,"excerpt":"","rel":"","context":"Similar post","block_context":{"text":"Similar post","link":""},"img":{"alt_text":"","src":"","width":0,"height":0},"classes":[]},{"id":16,"url":"https:\/\/sebphotograph.com\/en\/journal\/","url_meta":{"origin":8,"position":1},"title":"Journal","author":"sebphotograph","date":"13 September 2023","format":false,"excerpt":"","rel":"","context":"Similar post","block_context":{"text":"Similar post","link":""},"img":{"alt_text":"","src":"","width":0,"height":0},"classes":[]},{"id":745,"url":"https:\/\/sebphotograph.com\/en\/commissions\/","url_meta":{"origin":8,"position":2},"title":"Commissions","author":"sebphotograph","date":"16 March 2025","format":false,"excerpt":"","rel":"","context":"Similar post","block_context":{"text":"Similar post","link":""},"img":{"alt_text":"","src":"","width":0,"height":0},"classes":[]},{"id":859,"url":"https:\/\/sebphotograph.com\/en\/contact-mariage\/","url_meta":{"origin":8,"position":3},"title":"Contact mariage","author":"sebphotograph","date":"17 March 2025","format":false,"excerpt":"","rel":"","context":"Similar post","block_context":{"text":"Similar post","link":""},"img":{"alt_text":"","src":"","width":0,"height":0},"classes":[]},{"id":14,"url":"https:\/\/sebphotograph.com\/en\/portfolio\/","url_meta":{"origin":8,"position":4},"title":"Portfolio","author":"sebphotograph","date":"13 September 2023","format":false,"excerpt":"","rel":"","context":"Similar post","block_context":{"text":"Similar post","link":""},"img":{"alt_text":"","src":"","width":0,"height":0},"classes":[]},{"id":563,"url":"https:\/\/sebphotograph.com\/en\/politique-de-confidentialite\/","url_meta":{"origin":8,"position":5},"title":"Privacy policy","author":"sebphotograph","date":"10 October 2023","format":false,"excerpt":"","rel":"","context":"Similar post","block_context":{"text":"Similar post","link":""},"img":{"alt_text":"","src":"","width":0,"height":0},"classes":[]}],"jetpack_sharing_enabled":true,"_links":{"self":[{"href":"https:\/\/sebphotograph.com\/en\/wp-json\/wp\/v2\/pages\/8","targetHints":{"allow":["GET"]}}],"collection":[{"href":"https:\/\/sebphotograph.com\/en\/wp-json\/wp\/v2\/pages"}],"about":[{"href":"https:\/\/sebphotograph.com\/en\/wp-json\/wp\/v2\/types\/page"}],"author":[{"embeddable":true,"href":"https:\/\/sebphotograph.com\/en\/wp-json\/wp\/v2\/users\/1"}],"replies":[{"embeddable":true,"href":"https:\/\/sebphotograph.com\/en\/wp-json\/wp\/v2\/comments?post=8"}],"version-history":[{"count":86,"href":"https:\/\/sebphotograph.com\/en\/wp-json\/wp\/v2\/pages\/8\/revisions"}],"predecessor-version":[{"id":1055,"href":"https:\/\/sebphotograph.com\/en\/wp-json\/wp\/v2\/pages\/8\/revisions\/1055"}],"wp:attachment":[{"href":"https:\/\/sebphotograph.com\/en\/wp-json\/wp\/v2\/media?parent=8"}],"curies":[{"name":"wp","href":"https:\/\/api.w.org\/{rel}","templated":true}]}}