{"id":859,"date":"2025-03-17T08:42:53","date_gmt":"2025-03-17T07:42:53","guid":{"rendered":"https:\/\/sebphotograph.com\/?page_id=859"},"modified":"2025-03-18T19:45:37","modified_gmt":"2025-03-18T18:45:37","slug":"contact-mariage","status":"publish","type":"page","link":"https:\/\/sebphotograph.com\/en\/contact-mariage\/","title":{"rendered":"Contact mariage"},"content":{"rendered":"\n\t\t<div id=\"fws_69ecf3de52941\"  data-column-margin=\"none\" data-midnight=\"light\" data-top-percent=\"25%\" data-bottom-percent=\"10%\"  class=\"wpb_row vc_row-fluid vc_row full-width-content vc_row-o-equal-height vc_row-flex vc_row-o-content-top  right_padding_50px left_padding_50px top_padding_tablet_40pct top_padding_phone_40pct bottom_padding_tablet_40pct bottom_padding_phone_40pct right_padding_tablet_3pct right_padding_phone_3pct left_padding_tablet_3pct left_padding_phone_3pct\"  style=\"padding-top: calc(100vw * 0.25); padding-bottom: calc(100vw * 0.10); \"><div class=\"row-bg-wrap\" data-bg-animation=\"none\" data-bg-animation-delay=\"\" data-bg-overlay=\"false\"><div class=\"inner-wrap row-bg-layer using-image\" ><div class=\"row-bg viewport-desktop using-image\"  style=\"background-image: url(https:\/\/sebphotograph.com\/wp-content\/uploads\/2025\/03\/sebphotograph-mariages-portfolio-28.jpg); background-position: 50% 20%; background-repeat: no-repeat; \"><\/div><\/div><\/div><div class=\"row_col_wrap_12 col span_12 light left\">\n\t<div  class=\"vc_col-sm-12 wpb_column column_container vc_column_container col no-extra-padding inherit_tablet inherit_phone \"  data-padding-pos=\"all\" data-has-bg-color=\"false\" data-bg-color=\"\" data-bg-opacity=\"1\" data-animation=\"\" data-delay=\"0\" >\n\t\t<div class=\"vc_column-inner\" >\n\t\t\t<div class=\"wpb_wrapper\">\n\t\t\t\t<div id=\"fws_69ecf3de52c7f\" data-midnight=\"\" data-column-margin=\"default\" class=\"wpb_row vc_row-fluid vc_row inner_row vc_row-o-equal-height vc_row-flex vc_row-o-content-middle\"  style=\"\"><div class=\"row-bg-wrap\"> <div class=\"row-bg\" ><\/div> <\/div><div class=\"row_col_wrap_12_inner col span_12  left\">\n\t<div  class=\"vc_col-sm-3 wpb_column column_container vc_column_container col child_column no-extra-padding el_spacing_10px inherit_tablet inherit_phone \"   data-padding-pos=\"all\" data-has-bg-color=\"false\" data-bg-color=\"\" data-bg-opacity=\"1\" data-animation=\"\" data-delay=\"0\" >\n\t\t<div class=\"vc_column-inner\" >\n\t\t<div class=\"wpb_wrapper\">\n\t\t\t\n\t\t<\/div> \n\t<\/div>\n\t<\/div> \n\n\t<div  class=\"vc_col-sm-6 wpb_column column_container vc_column_container col child_column centered-text has-animation no-extra-padding force-desktop-text-align-center force-tablet-text-align-center force-phone-text-align-center el_spacing_20px inherit_tablet inherit_phone \"   data-padding-pos=\"all\" data-has-bg-color=\"false\" data-bg-color=\"\" data-bg-opacity=\"1\" data-animation=\"fade-in\" data-delay=\"0\" >\n\t\t<div class=\"vc_column-inner\" >\n\t\t<div class=\"wpb_wrapper\">\n\t\t\t\n<div class=\"wpb_text_column wpb_content_element \" >\n\t<h1>Vous \u00eates pr\u00eats \u00e0 vous lancer ?<\/h1>\n<\/div>\n\n\n\n<div class=\"nectar-next-section-wrap minimal-arrow alignment_tablet_default alignment_phone_default display_tablet_inherit display_phone_inherit \" style=\"--nectar-icon-gap: 10px; --nectar-next-section-icon-size: 1; \" data-align=\"center\" data-custom-color=\"true\">\n    <a href=\"#\" class=\"nectar-next-section skip-hash\">\n      <span class=\"screen-reader-text\">Navigate to the next section<\/span>\n      <svg class=\"next-arrow\" width=\"40px\" height=\"68px\" viewBox=\"0 0 40 50\" xml:space=\"preserve\">\n      <path stroke=\"#ffffff\" stroke-width=\"2\" fill=\"none\" d=\"M 20 0 L 20 51\"><\/path>\n      <polyline stroke=\"#ffffff\" stroke-width=\"2\" fill=\"none\" points=\"12, 44 20, 52 28, 44\"><\/polyline>\n      <\/svg>\n    <\/a>\n  <\/div>\n\t\t<\/div> \n\t<\/div>\n\t<\/div> \n\n\t<div  class=\"vc_col-sm-3 wpb_column column_container vc_column_container col child_column no-extra-padding inherit_tablet inherit_phone \"   data-padding-pos=\"all\" data-has-bg-color=\"false\" data-bg-color=\"\" data-bg-opacity=\"1\" data-animation=\"\" data-delay=\"0\" >\n\t\t<div class=\"vc_column-inner\" >\n\t\t<div class=\"wpb_wrapper\">\n\t\t\t\n\t\t<\/div> \n\t<\/div>\n\t<\/div> \n<\/div><\/div>\n\t\t\t<\/div> \n\t\t<\/div>\n\t<\/div> \n<\/div><\/div>\n\t\t<div id=\"fws_69ecf3de53164\"  data-column-margin=\"none\" data-midnight=\"dark\" data-top-percent=\"5%\" data-bottom-percent=\"5%\"  class=\"wpb_row vc_row-fluid vc_row full-width-content vc_row-o-equal-height vc_row-flex vc_row-o-content-top  right_padding_50px left_padding_50px top_padding_tablet_10pct top_padding_phone_10pct bottom_padding_tablet_10pct bottom_padding_phone_10pct right_padding_tablet_3pct right_padding_phone_3pct left_padding_tablet_3pct left_padding_phone_3pct\"  style=\"padding-top: calc(100vw * 0.05); padding-bottom: calc(100vw * 0.05); \"><div class=\"row-bg-wrap\" data-bg-animation=\"none\" data-bg-animation-delay=\"\" data-bg-overlay=\"false\"><div class=\"inner-wrap row-bg-layer\" ><div class=\"row-bg viewport-desktop\"  style=\"\"><\/div><\/div><\/div><div class=\"row_col_wrap_12 col span_12 dark left\">\n\t<div  class=\"vc_col-sm-12 wpb_column column_container vc_column_container col no-extra-padding inherit_tablet inherit_phone \"  data-padding-pos=\"all\" data-has-bg-color=\"false\" data-bg-color=\"\" data-bg-opacity=\"1\" data-animation=\"\" data-delay=\"0\" >\n\t\t<div class=\"vc_column-inner\" >\n\t\t\t<div class=\"wpb_wrapper\">\n\t\t\t\t<div id=\"fws_69ecf3de532af\" data-midnight=\"\" data-column-margin=\"default\" class=\"wpb_row vc_row-fluid vc_row inner_row\"  style=\"\"><div class=\"row-bg-wrap\"> <div class=\"row-bg\" ><\/div> <\/div><div class=\"row_col_wrap_12_inner col span_12  left\">\n\t<div  class=\"vc_col-sm-3 wpb_column column_container vc_column_container col child_column no-extra-padding inherit_tablet inherit_phone \"   data-padding-pos=\"all\" data-has-bg-color=\"false\" data-bg-color=\"\" data-bg-opacity=\"1\" data-animation=\"\" data-delay=\"0\" >\n\t\t<div class=\"vc_column-inner\" >\n\t\t<div class=\"wpb_wrapper\">\n\t\t\t\n\t\t<\/div> \n\t<\/div>\n\t<\/div> \n\n\t<div  class=\"vc_col-sm-6 wpb_column column_container vc_column_container col child_column centered-text has-animation no-extra-padding force-desktop-text-align-center force-tablet-text-align-center force-phone-text-align-center el_spacing_30px inherit_tablet inherit_phone \"   data-padding-pos=\"all\" data-has-bg-color=\"false\" data-bg-color=\"\" data-bg-opacity=\"1\" data-animation=\"fade-in\" data-delay=\"0\" >\n\t\t<div class=\"vc_column-inner\" >\n\t\t<div class=\"wpb_wrapper\">\n\t\t\t\n<div class=\"wpb_text_column wpb_content_element  med\" >\n\t<p>Si vous \u00eates fins pr\u00eats \u00e0 rendre \u00e7a r\u00e9el, vous pouvez remplir le petit questionnaire de contact sur cette page &#8211; ou me contacter sur mon email directement \u00e0 <a href=\"mailto:contact.sebastienmarchand@gmail.com\">contact.sebastienmarchand@gmail.com<\/a>. Avec ces d\u00e9tails, je pourrai vous faire parvenir une proposition adapt\u00e9e \u00e0 votre demande.<\/p>\n<\/div>\n\n\n\n\n<div class=\"wpb_text_column wpb_content_element \" >\n\t<h2 style=\"text-align: center;\">Avant de commencer, j&rsquo;ai besoin d&rsquo;en apprendre un peu plus sur vous !<\/h2>\n<\/div>\n\n\n\n\n\t<div class=\"wpb_raw_code wpb_raw_html wpb_content_element\" >\n\t\t<div class=\"wpb_wrapper\">\n\t\t\t\n<div class=\"wpcf7 no-js\" id=\"wpcf7-f386-o1\" lang=\"fr-FR\" dir=\"ltr\" data-wpcf7-id=\"386\">\n<div class=\"screen-reader-response\"><p role=\"status\" aria-live=\"polite\" aria-atomic=\"true\"><\/p> <ul><\/ul><\/div>\n<form action=\"\/en\/wp-json\/wp\/v2\/pages\/859#wpcf7-f386-o1\" method=\"post\" class=\"wpcf7-form init\" aria-label=\"Formulaire de contact\" novalidate=\"novalidate\" data-status=\"init\">\n<fieldset class=\"hidden-fields-container\"><input type=\"hidden\" name=\"_wpcf7\" value=\"386\" \/><input type=\"hidden\" name=\"_wpcf7_version\" value=\"6.1.5\" \/><input type=\"hidden\" name=\"_wpcf7_locale\" value=\"fr_FR\" \/><input type=\"hidden\" name=\"_wpcf7_unit_tag\" value=\"wpcf7-f386-o1\" \/><input type=\"hidden\" name=\"_wpcf7_container_post\" value=\"0\" \/><input type=\"hidden\" name=\"_wpcf7_posted_data_hash\" value=\"\" \/>\n<\/fieldset>\n<div class=\"uacf7-form-wrapper-container uacf7-form-386  \"><div id=\"formulaire-responsive\" class=\"clearfix\">\n\n<div class=\"rang-form\">\n<div class=\"demi-colonne\"><span class=\"wpcf7-form-control-wrap\" data-name=\"first-name\"><input size=\"40\" maxlength=\"400\" class=\"wpcf7-form-control wpcf7-text wpcf7-validates-as-required\" aria-required=\"true\" aria-invalid=\"false\" placeholder=\"Pr\u00e9nom *\" value=\"\" type=\"text\" name=\"first-name\" \/><\/span><\/div>\n<div class=\"demi-colonne\"><span class=\"wpcf7-form-control-wrap\" data-name=\"last-name\"><input size=\"40\" maxlength=\"400\" class=\"wpcf7-form-control wpcf7-text wpcf7-validates-as-required\" aria-required=\"true\" aria-invalid=\"false\" placeholder=\"Nom *\" value=\"\" type=\"text\" name=\"last-name\" \/><\/span><\/div>\n<\/div>\n\n<div class=\"rang-form\">\n<div class=\"demi-colonne\"><span class=\"wpcf7-form-control-wrap\" data-name=\"your-email\"><input size=\"40\" maxlength=\"400\" class=\"wpcf7-form-control wpcf7-email wpcf7-validates-as-required wpcf7-text wpcf7-validates-as-email\" aria-required=\"true\" aria-invalid=\"false\" placeholder=\"Email *\" value=\"\" type=\"email\" name=\"your-email\" \/><\/span><\/div>\n<div class=\"demi-colonne\"><span class=\"wpcf7-form-control-wrap\" data-name=\"your-phone\"><input size=\"40\" maxlength=\"400\" class=\"wpcf7-form-control wpcf7-text\" aria-invalid=\"false\" placeholder=\"T\u00e9l\u00e9phone\" value=\"\" type=\"text\" name=\"your-phone\" \/><\/span><\/div>\n<\/div>\n\n<div class=\"rang-form\">\n<div class=\"colonne\"><span class=\"wpcf7-form-control-wrap\" data-name=\"your-message\"><textarea cols=\"40\" rows=\"10\" maxlength=\"2000\" class=\"wpcf7-form-control wpcf7-textarea\" aria-invalid=\"false\" placeholder=\"Parlez-moi un peu de vous\" name=\"your-message\"><\/textarea><\/span><\/div>\n<\/div>\n\n\n<div class=\"rang-form\">\n<div class=\"colonne\"><input class=\"wpcf7-form-control wpcf7-submit has-spinner\" type=\"submit\" value=\"Envoyer\" \/><\/div>\n<\/div><\/div><p style=\"display: none !important;\" class=\"akismet-fields-container\" data-prefix=\"_wpcf7_ak_\"><label>&#916;<textarea name=\"_wpcf7_ak_hp_textarea\" cols=\"45\" rows=\"8\" maxlength=\"100\"><\/textarea><\/label><input type=\"hidden\" id=\"ak_js_1\" name=\"_wpcf7_ak_js\" value=\"229\"\/><script type=\"text\/javascript\">\n\/* <![CDATA[ *\/\ndocument.getElementById( \"ak_js_1\" ).setAttribute( \"value\", ( new Date() ).getTime() );\n\/* ]]> *\/\n<\/script>\n<\/p><div class=\"wpcf7-response-output\" aria-hidden=\"true\"><\/div>\n<\/form>\n<\/div>\n\n\t\t<\/div>\n\t<\/div>\n\n\t\t<\/div> \n\t<\/div>\n\t<\/div> \n\n\t<div  class=\"vc_col-sm-3 wpb_column column_container vc_column_container col child_column no-extra-padding inherit_tablet inherit_phone \"   data-padding-pos=\"all\" data-has-bg-color=\"false\" data-bg-color=\"\" data-bg-opacity=\"1\" data-animation=\"\" data-delay=\"0\" >\n\t\t<div class=\"vc_column-inner\" >\n\t\t<div class=\"wpb_wrapper\">\n\t\t\t\n\t\t<\/div> \n\t<\/div>\n\t<\/div> \n<\/div><\/div>\n\t\t\t<\/div> \n\t\t<\/div>\n\t<\/div> \n<\/div><\/div>\n","protected":false},"excerpt":{"rendered":"Vous \u00eates pr\u00eats \u00e0 vous lancer ? Navigate to the next section Si vous \u00eates fins pr\u00eats \u00e0 rendre \u00e7a r\u00e9el, vous pouvez remplir le petit questionnaire de contact sur...","protected":false},"author":1,"featured_media":0,"parent":0,"menu_order":0,"comment_status":"closed","ping_status":"closed","template":"","meta":{"footnotes":""},"class_list":["post-859","page","type-page","status-publish"],"yoast_head":"<!-- This site is optimized with the Yoast SEO plugin v27.4 - https:\/\/yoast.com\/product\/yoast-seo-wordpress\/ -->\n<title>Contact mariage &#8211; S\u00e9bastien Marchand<\/title>\n<meta name=\"robots\" content=\"noindex, follow\" \/>\n<meta property=\"og:locale\" content=\"en_GB\" \/>\n<meta property=\"og:type\" content=\"article\" \/>\n<meta property=\"og:title\" content=\"Contact mariage &#8211; S\u00e9bastien Marchand\" \/>\n<meta property=\"og:url\" content=\"https:\/\/sebphotograph.com\/en\/contact-mariage\/\" \/>\n<meta property=\"og:site_name\" content=\"S\u00e9bastien Marchand\" \/>\n<meta property=\"article:publisher\" content=\"https:\/\/www.facebook.com\/sbmrch\" \/>\n<meta property=\"article:modified_time\" content=\"2025-03-18T18:45:37+00:00\" \/>\n<meta property=\"og:image\" content=\"https:\/\/sebphotograph.com\/wp-content\/uploads\/2025\/03\/sebphotograph-portrait-01.webp\" \/>\n\t<meta property=\"og:image:width\" content=\"1600\" \/>\n\t<meta property=\"og:image:height\" content=\"2400\" \/>\n\t<meta property=\"og:image:type\" content=\"image\/webp\" \/>\n<meta name=\"twitter:card\" content=\"summary_large_image\" \/>\n<meta name=\"twitter:label1\" content=\"Estimated reading time\" \/>\n\t<meta name=\"twitter:data1\" content=\"1 minute\" \/>\n<script type=\"application\/ld+json\" class=\"yoast-schema-graph\">{\"@context\":\"https:\\\/\\\/schema.org\",\"@graph\":[{\"@type\":\"WebPage\",\"@id\":\"https:\\\/\\\/sebphotograph.com\\\/contact-mariage\\\/\",\"url\":\"https:\\\/\\\/sebphotograph.com\\\/contact-mariage\\\/\",\"name\":\"Contact mariage &#8211; S\u00e9bastien Marchand\",\"isPartOf\":{\"@id\":\"https:\\\/\\\/sebphotograph.com\\\/#website\"},\"datePublished\":\"2025-03-17T07:42:53+00:00\",\"dateModified\":\"2025-03-18T18:45:37+00:00\",\"breadcrumb\":{\"@id\":\"https:\\\/\\\/sebphotograph.com\\\/contact-mariage\\\/#breadcrumb\"},\"inLanguage\":\"en-GB\",\"potentialAction\":[{\"@type\":\"ReadAction\",\"target\":[\"https:\\\/\\\/sebphotograph.com\\\/contact-mariage\\\/\"]}]},{\"@type\":\"BreadcrumbList\",\"@id\":\"https:\\\/\\\/sebphotograph.com\\\/contact-mariage\\\/#breadcrumb\",\"itemListElement\":[{\"@type\":\"ListItem\",\"position\":1,\"name\":\"Accueil\",\"item\":\"https:\\\/\\\/sebphotograph.com\\\/\"},{\"@type\":\"ListItem\",\"position\":2,\"name\":\"Contact mariage\"}]},{\"@type\":\"WebSite\",\"@id\":\"https:\\\/\\\/sebphotograph.com\\\/#website\",\"url\":\"https:\\\/\\\/sebphotograph.com\\\/\",\"name\":\"S\u00e9bastien Marchand Photographe\",\"description\":\"Photographe\",\"publisher\":{\"@id\":\"https:\\\/\\\/sebphotograph.com\\\/#organization\"},\"potentialAction\":[{\"@type\":\"SearchAction\",\"target\":{\"@type\":\"EntryPoint\",\"urlTemplate\":\"https:\\\/\\\/sebphotograph.com\\\/?s={search_term_string}\"},\"query-input\":{\"@type\":\"PropertyValueSpecification\",\"valueRequired\":true,\"valueName\":\"search_term_string\"}}],\"inLanguage\":\"en-GB\"},{\"@type\":\"Organization\",\"@id\":\"https:\\\/\\\/sebphotograph.com\\\/#organization\",\"name\":\"S\u00e9bastien Marchand Photographe\",\"url\":\"https:\\\/\\\/sebphotograph.com\\\/\",\"logo\":{\"@type\":\"ImageObject\",\"inLanguage\":\"en-GB\",\"@id\":\"https:\\\/\\\/sebphotograph.com\\\/#\\\/schema\\\/logo\\\/image\\\/\",\"url\":\"https:\\\/\\\/sebphotograph.com\\\/wp-content\\\/uploads\\\/2023\\\/09\\\/seb-a-propos.jpg\",\"contentUrl\":\"https:\\\/\\\/sebphotograph.com\\\/wp-content\\\/uploads\\\/2023\\\/09\\\/seb-a-propos.jpg\",\"width\":1280,\"height\":1920,\"caption\":\"S\u00e9bastien Marchand Photographe\"},\"image\":{\"@id\":\"https:\\\/\\\/sebphotograph.com\\\/#\\\/schema\\\/logo\\\/image\\\/\"},\"sameAs\":[\"https:\\\/\\\/www.facebook.com\\\/sbmrch\",\"https:\\\/\\\/www.instagram.com\\\/sebphotograph\\\/\"]}]}<\/script>\n<!-- \/ Yoast SEO plugin. -->","yoast_head_json":{"title":"Contact mariage &#8211; S\u00e9bastien Marchand","robots":{"index":"noindex","follow":"follow"},"og_locale":"en_GB","og_type":"article","og_title":"Contact mariage &#8211; S\u00e9bastien Marchand","og_url":"https:\/\/sebphotograph.com\/en\/contact-mariage\/","og_site_name":"S\u00e9bastien Marchand","article_publisher":"https:\/\/www.facebook.com\/sbmrch","article_modified_time":"2025-03-18T18:45:37+00:00","og_image":[{"width":1600,"height":2400,"url":"https:\/\/sebphotograph.com\/wp-content\/uploads\/2025\/03\/sebphotograph-portrait-01.webp","type":"image\/webp"}],"twitter_card":"summary_large_image","twitter_misc":{"Estimated reading time":"1 minute"},"schema":{"@context":"https:\/\/schema.org","@graph":[{"@type":"WebPage","@id":"https:\/\/sebphotograph.com\/contact-mariage\/","url":"https:\/\/sebphotograph.com\/contact-mariage\/","name":"Contact mariage &#8211; S\u00e9bastien Marchand","isPartOf":{"@id":"https:\/\/sebphotograph.com\/#website"},"datePublished":"2025-03-17T07:42:53+00:00","dateModified":"2025-03-18T18:45:37+00:00","breadcrumb":{"@id":"https:\/\/sebphotograph.com\/contact-mariage\/#breadcrumb"},"inLanguage":"en-GB","potentialAction":[{"@type":"ReadAction","target":["https:\/\/sebphotograph.com\/contact-mariage\/"]}]},{"@type":"BreadcrumbList","@id":"https:\/\/sebphotograph.com\/contact-mariage\/#breadcrumb","itemListElement":[{"@type":"ListItem","position":1,"name":"Accueil","item":"https:\/\/sebphotograph.com\/"},{"@type":"ListItem","position":2,"name":"Contact mariage"}]},{"@type":"WebSite","@id":"https:\/\/sebphotograph.com\/#website","url":"https:\/\/sebphotograph.com\/","name":"S\u00e9bastien Marchand Photographe","description":"Photographer","publisher":{"@id":"https:\/\/sebphotograph.com\/#organization"},"potentialAction":[{"@type":"SearchAction","target":{"@type":"EntryPoint","urlTemplate":"https:\/\/sebphotograph.com\/?s={search_term_string}"},"query-input":{"@type":"PropertyValueSpecification","valueRequired":true,"valueName":"search_term_string"}}],"inLanguage":"en-GB"},{"@type":"Organization","@id":"https:\/\/sebphotograph.com\/#organization","name":"S\u00e9bastien Marchand Photographe","url":"https:\/\/sebphotograph.com\/","logo":{"@type":"ImageObject","inLanguage":"en-GB","@id":"https:\/\/sebphotograph.com\/#\/schema\/logo\/image\/","url":"https:\/\/sebphotograph.com\/wp-content\/uploads\/2023\/09\/seb-a-propos.jpg","contentUrl":"https:\/\/sebphotograph.com\/wp-content\/uploads\/2023\/09\/seb-a-propos.jpg","width":1280,"height":1920,"caption":"S\u00e9bastien Marchand Photographe"},"image":{"@id":"https:\/\/sebphotograph.com\/#\/schema\/logo\/image\/"},"sameAs":["https:\/\/www.facebook.com\/sbmrch","https:\/\/www.instagram.com\/sebphotograph\/"]}]}},"jetpack-related-posts":[{"id":745,"url":"https:\/\/sebphotograph.com\/en\/commissions\/","url_meta":{"origin":859,"position":0},"title":"Commissions","author":"sebphotograph","date":"16 March 2025","format":false,"excerpt":"","rel":"","context":"Similar post","block_context":{"text":"Similar post","link":""},"img":{"alt_text":"","src":"","width":0,"height":0},"classes":[]},{"id":16,"url":"https:\/\/sebphotograph.com\/en\/journal\/","url_meta":{"origin":859,"position":1},"title":"Journal","author":"sebphotograph","date":"13 September 2023","format":false,"excerpt":"","rel":"","context":"Similar post","block_context":{"text":"Similar post","link":""},"img":{"alt_text":"","src":"","width":0,"height":0},"classes":[]},{"id":18,"url":"https:\/\/sebphotograph.com\/en\/contact\/","url_meta":{"origin":859,"position":2},"title":"Contact","author":"sebphotograph","date":"13 September 2023","format":false,"excerpt":"","rel":"","context":"Similar post","block_context":{"text":"Similar post","link":""},"img":{"alt_text":"","src":"","width":0,"height":0},"classes":[]},{"id":14,"url":"https:\/\/sebphotograph.com\/en\/portfolio\/","url_meta":{"origin":859,"position":3},"title":"Portfolio","author":"sebphotograph","date":"13 September 2023","format":false,"excerpt":"","rel":"","context":"Similar post","block_context":{"text":"Similar post","link":""},"img":{"alt_text":"","src":"","width":0,"height":0},"classes":[]},{"id":8,"url":"https:\/\/sebphotograph.com\/en\/","url_meta":{"origin":859,"position":4},"title":"Home","author":"sebphotograph","date":"13 September 2023","format":false,"excerpt":"","rel":"","context":"Similar post","block_context":{"text":"Similar post","link":""},"img":{"alt_text":"","src":"","width":0,"height":0},"classes":[]},{"id":563,"url":"https:\/\/sebphotograph.com\/en\/politique-de-confidentialite\/","url_meta":{"origin":859,"position":5},"title":"Privacy policy","author":"sebphotograph","date":"10 October 2023","format":false,"excerpt":"","rel":"","context":"Similar post","block_context":{"text":"Similar post","link":""},"img":{"alt_text":"","src":"","width":0,"height":0},"classes":[]}],"jetpack_sharing_enabled":true,"_links":{"self":[{"href":"https:\/\/sebphotograph.com\/en\/wp-json\/wp\/v2\/pages\/859","targetHints":{"allow":["GET"]}}],"collection":[{"href":"https:\/\/sebphotograph.com\/en\/wp-json\/wp\/v2\/pages"}],"about":[{"href":"https:\/\/sebphotograph.com\/en\/wp-json\/wp\/v2\/types\/page"}],"author":[{"embeddable":true,"href":"https:\/\/sebphotograph.com\/en\/wp-json\/wp\/v2\/users\/1"}],"replies":[{"embeddable":true,"href":"https:\/\/sebphotograph.com\/en\/wp-json\/wp\/v2\/comments?post=859"}],"version-history":[{"count":13,"href":"https:\/\/sebphotograph.com\/en\/wp-json\/wp\/v2\/pages\/859\/revisions"}],"predecessor-version":[{"id":1029,"href":"https:\/\/sebphotograph.com\/en\/wp-json\/wp\/v2\/pages\/859\/revisions\/1029"}],"wp:attachment":[{"href":"https:\/\/sebphotograph.com\/en\/wp-json\/wp\/v2\/media?parent=859"}],"curies":[{"name":"wp","href":"https:\/\/api.w.org\/{rel}","templated":true}]}}